{"id":5907,"date":"2024-03-14T09:33:10","date_gmt":"2024-03-14T09:33:10","guid":{"rendered":"https:\/\/b5-builds.com\/?post_type=product&#038;p=5907"},"modified":"2024-06-15T09:41:22","modified_gmt":"2024-06-15T09:41:22","slug":"phone-case-antisocial","status":"publish","type":"product","link":"https:\/\/b5-builds.com\/en\/product\/phone-case-antisocial","title":{"rendered":"Phone case &#8211; antisocial"},"content":{"rendered":"<h5><strong>Phone case &#8211; antisocial<\/strong><\/h5>\n<p>Phone case &#8211; antisocial by B5_Builds f\u00fcr unsere Car Community<\/p>\n<ul>\n<li>F\u00fcr IPhone und Samsung Ger\u00e4te geeignet<\/li>\n<li>Produkt von B5_Builds<\/li>\n<li>Doppellagige H\u00fclle f\u00fcr zus\u00e4tzlichen Schutz und Strapazierf\u00e4higkeit<\/li>\n<li>Premium-Qualit\u00e4t<\/li>\n<li>Kompatibel mit kabellosem Laden<\/li>\n<li>Hartschale<\/li>\n<li>Gl\u00e4nzende Oberfl\u00e4che<\/li>\n<\/ul>\n<p><strong>Versand:<\/strong><\/p>\n<p>Die von dir bestellten Produkte werden so schnell wie m\u00f6glich verschickt. Unsere durchschnittliche Lieferzeit f\u00fcr Phone Cases betr\u00e4gt in der Regel ca. 5 &#8211; 7 Werktage.<\/p>\n<p><strong>Kundenservice:<\/strong><\/p>\n<p>F\u00fcr den Fall, dass es Probleme mit deiner Lieferung gibt, stehen wir dir gerne zur Verf\u00fcgung. Kontaktiere uns und wir werden uns unverz\u00fcglich darum k\u00fcmmern, das Problem so schnell wie m\u00f6glich zu l\u00f6sen.<\/p>\n<p><strong>Eigene Ideen?<\/strong><\/p>\n<p>Wenn du eigene kreative Ideen hast, m\u00f6chten wir diese gerne in ein individuellen Phone Case Design verwandeln! Schreib uns dazu einfach eine E-Mail an: <a href=\"mailto:shop@b5-builds.com\" target=\"_new\" rel=\"noopener\">shop@b5-builds.com<\/a>\u00a0oder sende uns eine Direktnachricht auf Instagram an: @b5_Builds oder @b5_Builds_shop.<\/p>\n<p><strong>Weitere Produkte<\/strong>\u00a0von uns findest du hier: \u00a0\u00a0<a href=\"https:\/\/b5-builds.com\/en\/shop\/\">https:\/\/b5-builds.com\/shop<\/a><\/p>\n<p><strong>Folge uns auch auf Youtube! <a href=\"https:\/\/www.youtube.com\/@b5_builds376\">(41) B5_ Builds \u2013 YouTube<\/a><\/strong><\/p>\n<p>&nbsp;<\/p>\n<p>Verf\u00fcgbare Modelle: iPhone X | iPhone XR | iPhone XS | iPhone 11 Pro Max | iPhone 11 Pro | iPhone 11 | iPhone 12 Pro Max | iPhone 12 Pro | iPhone 12 | iPhone 13 Pro Max | iPhone 13 Pro | iPhone 13 | iPhone 14 Pro | iPhone 14 Plus | iPhone 14 | iPhone 14 Pro Max | iPhone 15 Pro Max | iPhone 15 Pro | iPhone 15 Plus | iPhone 15 | Samsung Galaxy S23 | Samsung Galaxy S23 Plus | Samsung Galaxy S23 Ultra | Samsung Galaxy S22 | Samsung Galaxy S22 Plus | Samsung Galaxy S21 | Samsung Galaxy S21 Plus | Samsung Galaxy S21 Ultra | Samsung Galaxy S20 | Samsung Galaxy S20 Plus | Samsung Galaxy S20 Ultra<\/p>","protected":false},"excerpt":{"rendered":"<p>Phone case &#8211; antisocial\u00a0 by B5_Builds f\u00fcr unsere Car Community<\/p>","protected":false},"featured_media":6144,"comment_status":"open","ping_status":"closed","template":"","meta":[],"product_brand":[],"product_cat":[94],"product_tag":[96,97],"class_list":{"0":"post-5907","1":"product","2":"type-product","3":"status-publish","4":"has-post-thumbnail","6":"product_cat-phone-cases-collection-von-b5_builds","7":"product_tag-handyhuelle","8":"product_tag-phone-case","10":"first","11":"instock","12":"shipping-taxable","13":"purchasable","14":"product-type-variable"},"yoast_head":"<!-- This site is optimized with the Yoast SEO plugin v27.5 - https:\/\/yoast.com\/product\/yoast-seo-wordpress\/ -->\n<title>case - antisocial - B5_Builds<\/title>\n<meta name=\"description\" content=\"case - antisocial- von B5_Builds f\u00fcr Car Community, 2023 f\u00fcr Iphone und Samsung Ger\u00e4te geeignet. B5_Builds, Handyh\u00fclle\" \/>\n<meta name=\"robots\" content=\"index, follow, max-snippet:-1, max-image-preview:large, max-video-preview:-1\" \/>\n<link rel=\"canonical\" href=\"https:\/\/b5-builds.com\/en\/product\/phone-case-antisocial\/\" \/>\n<meta property=\"og:locale\" content=\"en_US\" \/>\n<meta property=\"og:type\" content=\"article\" \/>\n<meta property=\"og:title\" content=\"case - antisocial - B5_Builds\" \/>\n<meta property=\"og:description\" content=\"case - antisocial- von B5_Builds f\u00fcr Car Community, 2023 f\u00fcr Iphone und Samsung Ger\u00e4te geeignet. B5_Builds, Handyh\u00fclle\" \/>\n<meta property=\"og:url\" content=\"https:\/\/b5-builds.com\/en\/product\/phone-case-antisocial\/\" \/>\n<meta property=\"og:site_name\" content=\"B5_Builds\" \/>\n<meta property=\"article:modified_time\" content=\"2024-06-15T09:41:22+00:00\" \/>\n<meta property=\"og:image\" content=\"https:\/\/b5-builds.com\/wp-content\/uploads\/2024\/03\/Nicht-benannt-8-1.png\" \/>\n\t<meta property=\"og:image:width\" content=\"1920\" \/>\n\t<meta property=\"og:image:height\" content=\"1080\" \/>\n\t<meta property=\"og:image:type\" content=\"image\/png\" \/>\n<meta name=\"twitter:card\" content=\"summary_large_image\" \/>\n<meta name=\"twitter:label1\" content=\"Est. reading time\" \/>\n\t<meta name=\"twitter:data1\" content=\"2 minutes\" \/>\n<script type=\"application\/ld+json\" class=\"yoast-schema-graph\">{\"@context\":\"https:\\\/\\\/schema.org\",\"@graph\":[{\"@type\":\"WebPage\",\"@id\":\"https:\\\/\\\/b5-builds.com\\\/produkt\\\/phone-case-antisocial\",\"url\":\"https:\\\/\\\/b5-builds.com\\\/produkt\\\/phone-case-antisocial\",\"name\":\"case - antisocial - B5_Builds\",\"isPartOf\":{\"@id\":\"https:\\\/\\\/b5-builds.com\\\/#website\"},\"primaryImageOfPage\":{\"@id\":\"https:\\\/\\\/b5-builds.com\\\/produkt\\\/phone-case-antisocial#primaryimage\"},\"image\":{\"@id\":\"https:\\\/\\\/b5-builds.com\\\/produkt\\\/phone-case-antisocial#primaryimage\"},\"thumbnailUrl\":\"https:\\\/\\\/i0.wp.com\\\/b5-builds.com\\\/wp-content\\\/uploads\\\/2024\\\/03\\\/Nicht-benannt-8-1.png?fit=1920%2C1080&ssl=1\",\"datePublished\":\"2024-03-14T09:33:10+00:00\",\"dateModified\":\"2024-06-15T09:41:22+00:00\",\"description\":\"case - antisocial- von B5_Builds f\u00fcr Car Community, 2023 f\u00fcr Iphone und Samsung Ger\u00e4te geeignet. B5_Builds, Handyh\u00fclle\",\"breadcrumb\":{\"@id\":\"https:\\\/\\\/b5-builds.com\\\/produkt\\\/phone-case-antisocial#breadcrumb\"},\"inLanguage\":\"en-US\",\"potentialAction\":[{\"@type\":\"ReadAction\",\"target\":[\"https:\\\/\\\/b5-builds.com\\\/produkt\\\/phone-case-antisocial\"]}]},{\"@type\":\"ImageObject\",\"inLanguage\":\"en-US\",\"@id\":\"https:\\\/\\\/b5-builds.com\\\/produkt\\\/phone-case-antisocial#primaryimage\",\"url\":\"https:\\\/\\\/i0.wp.com\\\/b5-builds.com\\\/wp-content\\\/uploads\\\/2024\\\/03\\\/Nicht-benannt-8-1.png?fit=1920%2C1080&ssl=1\",\"contentUrl\":\"https:\\\/\\\/i0.wp.com\\\/b5-builds.com\\\/wp-content\\\/uploads\\\/2024\\\/03\\\/Nicht-benannt-8-1.png?fit=1920%2C1080&ssl=1\",\"width\":1920,\"height\":1080,\"caption\":\"Handyh\u00fclle ANTISOCIAL by B5_Builds\"},{\"@type\":\"BreadcrumbList\",\"@id\":\"https:\\\/\\\/b5-builds.com\\\/produkt\\\/phone-case-antisocial#breadcrumb\",\"itemListElement\":[{\"@type\":\"ListItem\",\"position\":1,\"name\":\"Startseite\",\"item\":\"https:\\\/\\\/b5-builds.com\\\/\"},{\"@type\":\"ListItem\",\"position\":2,\"name\":\"Shop\",\"item\":\"https:\\\/\\\/b5-builds.com\\\/shop\"},{\"@type\":\"ListItem\",\"position\":3,\"name\":\"Phone case &#8211; antisocial\"}]},{\"@type\":\"WebSite\",\"@id\":\"https:\\\/\\\/b5-builds.com\\\/#website\",\"url\":\"https:\\\/\\\/b5-builds.com\\\/\",\"name\":\"B5_Builds\",\"description\":\"Handmade Sticker und hochwertige Lufterfrischer f\u00fcr dein Auto.\",\"publisher\":{\"@id\":\"https:\\\/\\\/b5-builds.com\\\/#organization\"},\"potentialAction\":[{\"@type\":\"SearchAction\",\"target\":{\"@type\":\"EntryPoint\",\"urlTemplate\":\"https:\\\/\\\/b5-builds.com\\\/?s={search_term_string}\"},\"query-input\":{\"@type\":\"PropertyValueSpecification\",\"valueRequired\":true,\"valueName\":\"search_term_string\"}}],\"inLanguage\":\"en-US\"},{\"@type\":\"Organization\",\"@id\":\"https:\\\/\\\/b5-builds.com\\\/#organization\",\"name\":\"B5_Builds\",\"url\":\"https:\\\/\\\/b5-builds.com\\\/\",\"logo\":{\"@type\":\"ImageObject\",\"inLanguage\":\"en-US\",\"@id\":\"https:\\\/\\\/b5-builds.com\\\/#\\\/schema\\\/logo\\\/image\\\/\",\"url\":\"https:\\\/\\\/i0.wp.com\\\/b5-builds.com\\\/wp-content\\\/uploads\\\/2021\\\/06\\\/Unbenannt-1.png?fit=350%2C100&ssl=1\",\"contentUrl\":\"https:\\\/\\\/i0.wp.com\\\/b5-builds.com\\\/wp-content\\\/uploads\\\/2021\\\/06\\\/Unbenannt-1.png?fit=350%2C100&ssl=1\",\"width\":350,\"height\":100,\"caption\":\"B5_Builds\"},\"image\":{\"@id\":\"https:\\\/\\\/b5-builds.com\\\/#\\\/schema\\\/logo\\\/image\\\/\"},\"sameAs\":[\"https:\\\/\\\/www.instagram.com\\\/b5_builds?igshid=OGQ5ZDc2ODk2ZA\",\"https:\\\/\\\/youtube.com\\\/@b5_builds376?si=su2EkM16Ojcn-Uq5\"]}]}<\/script>\n<!-- \/ Yoast SEO plugin. -->","yoast_head_json":{"title":"case - antisocial - B5_Builds","description":"case - antisocial- von B5_Builds f\u00fcr Car Community, 2023 f\u00fcr Iphone und Samsung Ger\u00e4te geeignet. B5_Builds, Handyh\u00fclle","robots":{"index":"index","follow":"follow","max-snippet":"max-snippet:-1","max-image-preview":"max-image-preview:large","max-video-preview":"max-video-preview:-1"},"canonical":"https:\/\/b5-builds.com\/en\/product\/phone-case-antisocial\/","og_locale":"en_US","og_type":"article","og_title":"case - antisocial - B5_Builds","og_description":"case - antisocial- von B5_Builds f\u00fcr Car Community, 2023 f\u00fcr Iphone und Samsung Ger\u00e4te geeignet. B5_Builds, Handyh\u00fclle","og_url":"https:\/\/b5-builds.com\/en\/product\/phone-case-antisocial\/","og_site_name":"B5_Builds","article_modified_time":"2024-06-15T09:41:22+00:00","og_image":[{"width":1920,"height":1080,"url":"https:\/\/b5-builds.com\/wp-content\/uploads\/2024\/03\/Nicht-benannt-8-1.png","type":"image\/png"}],"twitter_card":"summary_large_image","twitter_misc":{"Est. reading time":"2 minutes"},"schema":{"@context":"https:\/\/schema.org","@graph":[{"@type":"WebPage","@id":"https:\/\/b5-builds.com\/produkt\/phone-case-antisocial","url":"https:\/\/b5-builds.com\/produkt\/phone-case-antisocial","name":"case - antisocial - B5_Builds","isPartOf":{"@id":"https:\/\/b5-builds.com\/#website"},"primaryImageOfPage":{"@id":"https:\/\/b5-builds.com\/produkt\/phone-case-antisocial#primaryimage"},"image":{"@id":"https:\/\/b5-builds.com\/produkt\/phone-case-antisocial#primaryimage"},"thumbnailUrl":"https:\/\/i0.wp.com\/b5-builds.com\/wp-content\/uploads\/2024\/03\/Nicht-benannt-8-1.png?fit=1920%2C1080&ssl=1","datePublished":"2024-03-14T09:33:10+00:00","dateModified":"2024-06-15T09:41:22+00:00","description":"case - antisocial- von B5_Builds f\u00fcr Car Community, 2023 f\u00fcr Iphone und Samsung Ger\u00e4te geeignet. B5_Builds, Handyh\u00fclle","breadcrumb":{"@id":"https:\/\/b5-builds.com\/produkt\/phone-case-antisocial#breadcrumb"},"inLanguage":"en-US","potentialAction":[{"@type":"ReadAction","target":["https:\/\/b5-builds.com\/produkt\/phone-case-antisocial"]}]},{"@type":"ImageObject","inLanguage":"en-US","@id":"https:\/\/b5-builds.com\/produkt\/phone-case-antisocial#primaryimage","url":"https:\/\/i0.wp.com\/b5-builds.com\/wp-content\/uploads\/2024\/03\/Nicht-benannt-8-1.png?fit=1920%2C1080&ssl=1","contentUrl":"https:\/\/i0.wp.com\/b5-builds.com\/wp-content\/uploads\/2024\/03\/Nicht-benannt-8-1.png?fit=1920%2C1080&ssl=1","width":1920,"height":1080,"caption":"Handyh\u00fclle ANTISOCIAL by B5_Builds"},{"@type":"BreadcrumbList","@id":"https:\/\/b5-builds.com\/produkt\/phone-case-antisocial#breadcrumb","itemListElement":[{"@type":"ListItem","position":1,"name":"Startseite","item":"https:\/\/b5-builds.com\/"},{"@type":"ListItem","position":2,"name":"Shop","item":"https:\/\/b5-builds.com\/shop"},{"@type":"ListItem","position":3,"name":"Phone case &#8211; antisocial"}]},{"@type":"WebSite","@id":"https:\/\/b5-builds.com\/#website","url":"https:\/\/b5-builds.com\/","name":"B5_Builds","description":"Handmade Sticker and Air Freshener for your car.","publisher":{"@id":"https:\/\/b5-builds.com\/#organization"},"potentialAction":[{"@type":"SearchAction","target":{"@type":"EntryPoint","urlTemplate":"https:\/\/b5-builds.com\/?s={search_term_string}"},"query-input":{"@type":"PropertyValueSpecification","valueRequired":true,"valueName":"search_term_string"}}],"inLanguage":"en-US"},{"@type":"Organization","@id":"https:\/\/b5-builds.com\/#organization","name":"B5_Builds","url":"https:\/\/b5-builds.com\/","logo":{"@type":"ImageObject","inLanguage":"en-US","@id":"https:\/\/b5-builds.com\/#\/schema\/logo\/image\/","url":"https:\/\/i0.wp.com\/b5-builds.com\/wp-content\/uploads\/2021\/06\/Unbenannt-1.png?fit=350%2C100&ssl=1","contentUrl":"https:\/\/i0.wp.com\/b5-builds.com\/wp-content\/uploads\/2021\/06\/Unbenannt-1.png?fit=350%2C100&ssl=1","width":350,"height":100,"caption":"B5_Builds"},"image":{"@id":"https:\/\/b5-builds.com\/#\/schema\/logo\/image\/"},"sameAs":["https:\/\/www.instagram.com\/b5_builds?igshid=OGQ5ZDc2ODk2ZA","https:\/\/youtube.com\/@b5_builds376?si=su2EkM16Ojcn-Uq5"]}]}},"_links":{"self":[{"href":"https:\/\/b5-builds.com\/en\/wp-json\/wp\/v2\/product\/5907","targetHints":{"allow":["GET"]}}],"collection":[{"href":"https:\/\/b5-builds.com\/en\/wp-json\/wp\/v2\/product"}],"about":[{"href":"https:\/\/b5-builds.com\/en\/wp-json\/wp\/v2\/types\/product"}],"replies":[{"embeddable":true,"href":"https:\/\/b5-builds.com\/en\/wp-json\/wp\/v2\/comments?post=5907"}],"wp:featuredmedia":[{"embeddable":true,"href":"https:\/\/b5-builds.com\/en\/wp-json\/wp\/v2\/media\/6144"}],"wp:attachment":[{"href":"https:\/\/b5-builds.com\/en\/wp-json\/wp\/v2\/media?parent=5907"}],"wp:term":[{"taxonomy":"product_brand","embeddable":true,"href":"https:\/\/b5-builds.com\/en\/wp-json\/wp\/v2\/product_brand?post=5907"},{"taxonomy":"product_cat","embeddable":true,"href":"https:\/\/b5-builds.com\/en\/wp-json\/wp\/v2\/product_cat?post=5907"},{"taxonomy":"product_tag","embeddable":true,"href":"https:\/\/b5-builds.com\/en\/wp-json\/wp\/v2\/product_tag?post=5907"}],"curies":[{"name":"wp","href":"https:\/\/api.w.org\/{rel}","templated":true}]}}