{"id":4255,"date":"2024-02-11T18:58:21","date_gmt":"2024-02-11T18:58:21","guid":{"rendered":"https:\/\/b5-builds.com\/?post_type=product&#038;p=4255"},"modified":"2024-03-27T21:39:52","modified_gmt":"2024-03-27T21:39:52","slug":"poster-the-car-of-the-year-golf","status":"publish","type":"product","link":"https:\/\/b5-builds.com\/en\/product\/poster-the-car-of-the-year-golf","title":{"rendered":"Poster &#8211;  THE CAR OF THE YEAR GOLF"},"content":{"rendered":"<p><strong>Poster &#8211; THE CAR OF THE YEAR GOLF<\/strong><\/p>\n<p>Collection: re.build by B5_Builds<\/p>\n<p>Details:<\/p>\n<ul>\n<li>Gr\u00f6\u00dfe: 40cm x 50cm<\/li>\n<li>mattes Finish<\/li>\n<li>Hochaufl\u00f6sender Farbdruck<\/li>\n<\/ul>\n<p>Poster &#8211; THE CAR OF THE YEAR GOLF &#8211; Verkauf ohne Rahmen<\/p>\n<p><strong>Versand:<\/strong><\/p>\n<p>Die von dir bestellten Produkte werden frisch und innerhalb von nur 24 Stunden hergestellt, bevor sie sofort verschickt werden. Unsere durchschnittliche Lieferzeit f\u00fcr Poster betr\u00e4gt in der Regel ca. 3 &#8211; 4 Werktage.<\/p>\n<p><strong>Kundenservice:<\/strong><\/p>\n<p>F\u00fcr den Fall, dass es Probleme mit deiner Lieferung gibt, stehen wir dir gerne zur Verf\u00fcgung. Kontaktiere uns und wir werden uns unverz\u00fcglich darum k\u00fcmmern, das Problem so schnell wie m\u00f6glich zu l\u00f6sen.<\/p>\n<p><strong>Eigene Ideen?<\/strong><\/p>\n<p>Wenn du eigene kreative Ideen hast, m\u00f6chten wir diese gerne in ein individuelles Auto Poster Design verwandeln! Schreib uns dazu einfach eine E-Mail an: <a href=\"mailto:shop@b5-builds.com\" target=\"_new\" rel=\"noopener\">shop@b5-builds.com<\/a>\u00a0oder sende uns eine Direktnachricht auf Instagram an: @b5_Builds oder @b5_Builds_shop.<\/p>\n<p><strong>Weitere Produkte<\/strong>\u00a0von uns findest du hier: \u00a0\u00a0<a href=\"https:\/\/b5-builds.com\/en\/shop\/\">https:\/\/b5-builds.com\/shop<\/a><\/p>\n<p><strong>Folge uns <a href=\"https:\/\/www.youtube.com\/@b5_builds376\">(41) B5_ Builds &#8211; YouTube<\/a><\/strong><\/p>\n<p>&nbsp;<\/p>","protected":false},"excerpt":{"rendered":"<p>Poster &#8211; THE CAR OF THE YEAR GOLF Collection: re.build by B5_Builds Details: Gr\u00f6\u00dfe: 40cm x 50cm mattes Finish Hochaufl\u00f6sender Farbdruck Poster &#8211; THE CAR OF THE YEAR GOLF &#8211; Verkauf ohne Rahmen Versand: Die von dir bestellten Produkte werden frisch und innerhalb von nur 24 Stunden hergestellt, bevor sie sofort verschickt werden. Unsere durchschnittliche [&hellip;]<\/p>\n","protected":false},"featured_media":4257,"comment_status":"open","ping_status":"closed","template":"","meta":[],"product_brand":[],"product_cat":[95,16],"product_tag":[],"class_list":{"0":"post-4255","1":"product","2":"type-product","3":"status-publish","4":"has-post-thumbnail","6":"product_cat-re-build-poster","7":"product_cat-unkategorisiert","8":"product_shipping_class-dhl-paeckchen","10":"first","11":"instock","12":"shipping-taxable","13":"purchasable","14":"product-type-simple"},"yoast_head":"<!-- This site is optimized with the Yoast SEO plugin v27.5 - https:\/\/yoast.com\/product\/yoast-seo-wordpress\/ -->\n<title>Golf Poster - B5_Builds<\/title>\n<meta name=\"description\" content=\"THE CAR OF THE YEAR GOLF Collection re.build by B5_Builds, Poster - THE CAR OF THE YEAR GOLF Gr\u00f6\u00dfe: 40cm x 50cm, mattes Finish, Hochaufl\u00f6sender Farbdruck\" \/>\n<meta name=\"robots\" content=\"index, follow, max-snippet:-1, max-image-preview:large, max-video-preview:-1\" \/>\n<link rel=\"canonical\" href=\"https:\/\/b5-builds.com\/en\/product\/poster-the-car-of-the-year-golf\/\" \/>\n<meta property=\"og:locale\" content=\"en_US\" \/>\n<meta property=\"og:type\" content=\"article\" \/>\n<meta property=\"og:title\" content=\"Golf Poster - B5_Builds\" \/>\n<meta property=\"og:description\" content=\"THE CAR OF THE YEAR GOLF Collection re.build by B5_Builds, Poster - THE CAR OF THE YEAR GOLF Gr\u00f6\u00dfe: 40cm x 50cm, mattes Finish, Hochaufl\u00f6sender Farbdruck\" \/>\n<meta property=\"og:url\" content=\"https:\/\/b5-builds.com\/en\/product\/poster-the-car-of-the-year-golf\/\" \/>\n<meta property=\"og:site_name\" content=\"B5_Builds\" \/>\n<meta property=\"article:modified_time\" content=\"2024-03-27T21:39:52+00:00\" \/>\n<meta property=\"og:image\" content=\"https:\/\/b5-builds.com\/wp-content\/uploads\/2024\/02\/Mein-Projekt-2.png\" \/>\n\t<meta property=\"og:image:width\" content=\"2000\" \/>\n\t<meta property=\"og:image:height\" content=\"1200\" \/>\n\t<meta property=\"og:image:type\" content=\"image\/png\" \/>\n<meta name=\"twitter:card\" content=\"summary_large_image\" \/>\n<meta name=\"twitter:label1\" content=\"Est. reading time\" \/>\n\t<meta name=\"twitter:data1\" content=\"2 minutes\" \/>\n<script type=\"application\/ld+json\" class=\"yoast-schema-graph\">{\"@context\":\"https:\\\/\\\/schema.org\",\"@graph\":[{\"@type\":\"WebPage\",\"@id\":\"https:\\\/\\\/b5-builds.com\\\/produkt\\\/poster-the-car-of-the-year-golf\",\"url\":\"https:\\\/\\\/b5-builds.com\\\/produkt\\\/poster-the-car-of-the-year-golf\",\"name\":\"Golf Poster - B5_Builds\",\"isPartOf\":{\"@id\":\"https:\\\/\\\/b5-builds.com\\\/#website\"},\"primaryImageOfPage\":{\"@id\":\"https:\\\/\\\/b5-builds.com\\\/produkt\\\/poster-the-car-of-the-year-golf#primaryimage\"},\"image\":{\"@id\":\"https:\\\/\\\/b5-builds.com\\\/produkt\\\/poster-the-car-of-the-year-golf#primaryimage\"},\"thumbnailUrl\":\"https:\\\/\\\/i0.wp.com\\\/b5-builds.com\\\/wp-content\\\/uploads\\\/2024\\\/02\\\/Mein-Projekt-2.png?fit=2000%2C1200&ssl=1\",\"datePublished\":\"2024-02-11T18:58:21+00:00\",\"dateModified\":\"2024-03-27T21:39:52+00:00\",\"description\":\"THE CAR OF THE YEAR GOLF Collection re.build by B5_Builds, Poster - THE CAR OF THE YEAR GOLF Gr\u00f6\u00dfe: 40cm x 50cm, mattes Finish, Hochaufl\u00f6sender Farbdruck\",\"breadcrumb\":{\"@id\":\"https:\\\/\\\/b5-builds.com\\\/produkt\\\/poster-the-car-of-the-year-golf#breadcrumb\"},\"inLanguage\":\"en-US\",\"potentialAction\":[{\"@type\":\"ReadAction\",\"target\":[\"https:\\\/\\\/b5-builds.com\\\/produkt\\\/poster-the-car-of-the-year-golf\"]}]},{\"@type\":\"ImageObject\",\"inLanguage\":\"en-US\",\"@id\":\"https:\\\/\\\/b5-builds.com\\\/produkt\\\/poster-the-car-of-the-year-golf#primaryimage\",\"url\":\"https:\\\/\\\/i0.wp.com\\\/b5-builds.com\\\/wp-content\\\/uploads\\\/2024\\\/02\\\/Mein-Projekt-2.png?fit=2000%2C1200&ssl=1\",\"contentUrl\":\"https:\\\/\\\/i0.wp.com\\\/b5-builds.com\\\/wp-content\\\/uploads\\\/2024\\\/02\\\/Mein-Projekt-2.png?fit=2000%2C1200&ssl=1\",\"width\":2000,\"height\":1200,\"caption\":\"Poster THE CAR OF THE YEAR BY B5_BUILDS\"},{\"@type\":\"BreadcrumbList\",\"@id\":\"https:\\\/\\\/b5-builds.com\\\/produkt\\\/poster-the-car-of-the-year-golf#breadcrumb\",\"itemListElement\":[{\"@type\":\"ListItem\",\"position\":1,\"name\":\"Startseite\",\"item\":\"https:\\\/\\\/b5-builds.com\\\/\"},{\"@type\":\"ListItem\",\"position\":2,\"name\":\"Shop\",\"item\":\"https:\\\/\\\/b5-builds.com\\\/shop\"},{\"@type\":\"ListItem\",\"position\":3,\"name\":\"Poster &#8211; THE CAR OF THE YEAR GOLF\"}]},{\"@type\":\"WebSite\",\"@id\":\"https:\\\/\\\/b5-builds.com\\\/#website\",\"url\":\"https:\\\/\\\/b5-builds.com\\\/\",\"name\":\"B5_Builds\",\"description\":\"Handmade Sticker und hochwertige Lufterfrischer f\u00fcr dein Auto.\",\"publisher\":{\"@id\":\"https:\\\/\\\/b5-builds.com\\\/#organization\"},\"potentialAction\":[{\"@type\":\"SearchAction\",\"target\":{\"@type\":\"EntryPoint\",\"urlTemplate\":\"https:\\\/\\\/b5-builds.com\\\/?s={search_term_string}\"},\"query-input\":{\"@type\":\"PropertyValueSpecification\",\"valueRequired\":true,\"valueName\":\"search_term_string\"}}],\"inLanguage\":\"en-US\"},{\"@type\":\"Organization\",\"@id\":\"https:\\\/\\\/b5-builds.com\\\/#organization\",\"name\":\"B5_Builds\",\"url\":\"https:\\\/\\\/b5-builds.com\\\/\",\"logo\":{\"@type\":\"ImageObject\",\"inLanguage\":\"en-US\",\"@id\":\"https:\\\/\\\/b5-builds.com\\\/#\\\/schema\\\/logo\\\/image\\\/\",\"url\":\"https:\\\/\\\/i0.wp.com\\\/b5-builds.com\\\/wp-content\\\/uploads\\\/2021\\\/06\\\/Unbenannt-1.png?fit=350%2C100&ssl=1\",\"contentUrl\":\"https:\\\/\\\/i0.wp.com\\\/b5-builds.com\\\/wp-content\\\/uploads\\\/2021\\\/06\\\/Unbenannt-1.png?fit=350%2C100&ssl=1\",\"width\":350,\"height\":100,\"caption\":\"B5_Builds\"},\"image\":{\"@id\":\"https:\\\/\\\/b5-builds.com\\\/#\\\/schema\\\/logo\\\/image\\\/\"},\"sameAs\":[\"https:\\\/\\\/www.instagram.com\\\/b5_builds?igshid=OGQ5ZDc2ODk2ZA\",\"https:\\\/\\\/youtube.com\\\/@b5_builds376?si=su2EkM16Ojcn-Uq5\"]}]}<\/script>\n<!-- \/ Yoast SEO plugin. -->","yoast_head_json":{"title":"Golf Poster - B5_Builds","description":"THE CAR OF THE YEAR GOLF Collection re.build by B5_Builds, Poster - THE CAR OF THE YEAR GOLF Gr\u00f6\u00dfe: 40cm x 50cm, mattes Finish, Hochaufl\u00f6sender Farbdruck","robots":{"index":"index","follow":"follow","max-snippet":"max-snippet:-1","max-image-preview":"max-image-preview:large","max-video-preview":"max-video-preview:-1"},"canonical":"https:\/\/b5-builds.com\/en\/product\/poster-the-car-of-the-year-golf\/","og_locale":"en_US","og_type":"article","og_title":"Golf Poster - B5_Builds","og_description":"THE CAR OF THE YEAR GOLF Collection re.build by B5_Builds, Poster - THE CAR OF THE YEAR GOLF Gr\u00f6\u00dfe: 40cm x 50cm, mattes Finish, Hochaufl\u00f6sender Farbdruck","og_url":"https:\/\/b5-builds.com\/en\/product\/poster-the-car-of-the-year-golf\/","og_site_name":"B5_Builds","article_modified_time":"2024-03-27T21:39:52+00:00","og_image":[{"width":2000,"height":1200,"url":"https:\/\/b5-builds.com\/wp-content\/uploads\/2024\/02\/Mein-Projekt-2.png","type":"image\/png"}],"twitter_card":"summary_large_image","twitter_misc":{"Est. reading time":"2 minutes"},"schema":{"@context":"https:\/\/schema.org","@graph":[{"@type":"WebPage","@id":"https:\/\/b5-builds.com\/produkt\/poster-the-car-of-the-year-golf","url":"https:\/\/b5-builds.com\/produkt\/poster-the-car-of-the-year-golf","name":"Golf Poster - B5_Builds","isPartOf":{"@id":"https:\/\/b5-builds.com\/#website"},"primaryImageOfPage":{"@id":"https:\/\/b5-builds.com\/produkt\/poster-the-car-of-the-year-golf#primaryimage"},"image":{"@id":"https:\/\/b5-builds.com\/produkt\/poster-the-car-of-the-year-golf#primaryimage"},"thumbnailUrl":"https:\/\/i0.wp.com\/b5-builds.com\/wp-content\/uploads\/2024\/02\/Mein-Projekt-2.png?fit=2000%2C1200&ssl=1","datePublished":"2024-02-11T18:58:21+00:00","dateModified":"2024-03-27T21:39:52+00:00","description":"THE CAR OF THE YEAR GOLF Collection re.build by B5_Builds, Poster - THE CAR OF THE YEAR GOLF Gr\u00f6\u00dfe: 40cm x 50cm, mattes Finish, Hochaufl\u00f6sender Farbdruck","breadcrumb":{"@id":"https:\/\/b5-builds.com\/produkt\/poster-the-car-of-the-year-golf#breadcrumb"},"inLanguage":"en-US","potentialAction":[{"@type":"ReadAction","target":["https:\/\/b5-builds.com\/produkt\/poster-the-car-of-the-year-golf"]}]},{"@type":"ImageObject","inLanguage":"en-US","@id":"https:\/\/b5-builds.com\/produkt\/poster-the-car-of-the-year-golf#primaryimage","url":"https:\/\/i0.wp.com\/b5-builds.com\/wp-content\/uploads\/2024\/02\/Mein-Projekt-2.png?fit=2000%2C1200&ssl=1","contentUrl":"https:\/\/i0.wp.com\/b5-builds.com\/wp-content\/uploads\/2024\/02\/Mein-Projekt-2.png?fit=2000%2C1200&ssl=1","width":2000,"height":1200,"caption":"Poster THE CAR OF THE YEAR BY B5_BUILDS"},{"@type":"BreadcrumbList","@id":"https:\/\/b5-builds.com\/produkt\/poster-the-car-of-the-year-golf#breadcrumb","itemListElement":[{"@type":"ListItem","position":1,"name":"Startseite","item":"https:\/\/b5-builds.com\/"},{"@type":"ListItem","position":2,"name":"Shop","item":"https:\/\/b5-builds.com\/shop"},{"@type":"ListItem","position":3,"name":"Poster &#8211; THE CAR OF THE YEAR GOLF"}]},{"@type":"WebSite","@id":"https:\/\/b5-builds.com\/#website","url":"https:\/\/b5-builds.com\/","name":"B5_Builds","description":"Handmade Sticker and Air Freshener for your car.","publisher":{"@id":"https:\/\/b5-builds.com\/#organization"},"potentialAction":[{"@type":"SearchAction","target":{"@type":"EntryPoint","urlTemplate":"https:\/\/b5-builds.com\/?s={search_term_string}"},"query-input":{"@type":"PropertyValueSpecification","valueRequired":true,"valueName":"search_term_string"}}],"inLanguage":"en-US"},{"@type":"Organization","@id":"https:\/\/b5-builds.com\/#organization","name":"B5_Builds","url":"https:\/\/b5-builds.com\/","logo":{"@type":"ImageObject","inLanguage":"en-US","@id":"https:\/\/b5-builds.com\/#\/schema\/logo\/image\/","url":"https:\/\/i0.wp.com\/b5-builds.com\/wp-content\/uploads\/2021\/06\/Unbenannt-1.png?fit=350%2C100&ssl=1","contentUrl":"https:\/\/i0.wp.com\/b5-builds.com\/wp-content\/uploads\/2021\/06\/Unbenannt-1.png?fit=350%2C100&ssl=1","width":350,"height":100,"caption":"B5_Builds"},"image":{"@id":"https:\/\/b5-builds.com\/#\/schema\/logo\/image\/"},"sameAs":["https:\/\/www.instagram.com\/b5_builds?igshid=OGQ5ZDc2ODk2ZA","https:\/\/youtube.com\/@b5_builds376?si=su2EkM16Ojcn-Uq5"]}]}},"_links":{"self":[{"href":"https:\/\/b5-builds.com\/en\/wp-json\/wp\/v2\/product\/4255","targetHints":{"allow":["GET"]}}],"collection":[{"href":"https:\/\/b5-builds.com\/en\/wp-json\/wp\/v2\/product"}],"about":[{"href":"https:\/\/b5-builds.com\/en\/wp-json\/wp\/v2\/types\/product"}],"replies":[{"embeddable":true,"href":"https:\/\/b5-builds.com\/en\/wp-json\/wp\/v2\/comments?post=4255"}],"wp:featuredmedia":[{"embeddable":true,"href":"https:\/\/b5-builds.com\/en\/wp-json\/wp\/v2\/media\/4257"}],"wp:attachment":[{"href":"https:\/\/b5-builds.com\/en\/wp-json\/wp\/v2\/media?parent=4255"}],"wp:term":[{"taxonomy":"product_brand","embeddable":true,"href":"https:\/\/b5-builds.com\/en\/wp-json\/wp\/v2\/product_brand?post=4255"},{"taxonomy":"product_cat","embeddable":true,"href":"https:\/\/b5-builds.com\/en\/wp-json\/wp\/v2\/product_cat?post=4255"},{"taxonomy":"product_tag","embeddable":true,"href":"https:\/\/b5-builds.com\/en\/wp-json\/wp\/v2\/product_tag?post=4255"}],"curies":[{"name":"wp","href":"https:\/\/api.w.org\/{rel}","templated":true}]}}