{"id":421,"date":"2021-08-19T18:56:51","date_gmt":"2021-08-19T18:56:51","guid":{"rendered":"http:\/\/b5-builds.com\/?post_type=product&#038;p=421"},"modified":"2024-11-17T13:23:07","modified_gmt":"2024-11-17T13:23:07","slug":"air-freshener-purple-edition","status":"publish","type":"product","link":"https:\/\/b5-builds.com\/en\/product\/air-freshener-purple-edition","title":{"rendered":"Air Freshener &#8211; edition purple (Mango&#038;Pfirsich)"},"content":{"rendered":"<p><strong>Air Freshener &#8211; edition purple (Mango&amp;Pfirsich)<\/strong><\/p>\n<p>Willkommen zur bezaubernden Welt der Duftb\u00e4ume!<br \/>\nUnser Duftbaum mit exotischem Kombigeruch Mango &amp; Pfirsich und einem einzigartigen Design, ist die beste Erg\u00e4nzung zu deinem Fahrzeug!<br \/>\nDas sch\u00f6ne Audi-Motiv verbindet die Liebe zum Fahrzeug mit dem Reiz eines schon fast klassischen Fahrzeugs.<br \/>\nAus jeder Perspektive ein richtiger Hingucker!<\/p>\n<p>Die Anwendung des Duftbaums ist denkbar einfach. Einfach die Verpackung \u00f6ffnen und den Duftbaum an einem geeigneten Ort im Auto aufh\u00e4ngen.<\/p>\n<p>Unsere Duftb\u00e4ume sind auch ideale Geschenke f\u00fcr Autoliebhaber, Romantiker und alle, die ihre Autofahrten zu einem wahrhaft sinnlichen Erlebnis machen m\u00f6chten. Verschenkt dieses duftende Geschenk, um euren Lieben eine besondere Freude zu bereiten.<\/p>\n<p>Der <strong>Air Freshener &#8211; edition purple (Mango&amp;Pfirsich)<\/strong>\u00a0ist auch perfekt als Geschenk f\u00fcr einen Freund oder eine Freundin geeignet.<\/p>\n<p><strong>Besonderheiten<\/strong><\/p>\n<p>\u2013 langanhaltender Duft<\/p>\n<p>&#8211;\u00a0 einzigartiges Design<\/p>\n<p>\u2013 eignet sich ideal als Geschenk f\u00fcr alle Auto-Enthusiasten<\/p>\n<p>\u2013 Hergestellt von einem kleinem Unternehmen mit Liebe und Leidenschaft f\u00fcr Autos<\/p>\n<p><strong>Versand:<\/strong><\/p>\n<p>Die von dir bestellten Produkte werden frisch verpackt und innerhalb von nur 24 Stunden versendet. Unsere durchschnittliche Lieferzeit betr\u00e4gt in der Regel ca. 2-4 Werktage.<\/p>\n<p><strong>Kundenservice:<\/strong><\/p>\n<p>F\u00fcr den Fall, dass es Probleme mit deiner Lieferung gibt, stehen wir dir gerne zur Verf\u00fcgung. Kontaktiere uns und wir werden uns unverz\u00fcglich darum k\u00fcmmern, das Problem so schnell wie m\u00f6glich zu l\u00f6sen.<\/p>\n<p><strong>Eigene Ideen?<\/strong><\/p>\n<p>Wenn du eigene kreative Ideen hast, m\u00f6chten wir diese gerne in ein individuelles Auto-Sticker-Design verwandeln! Schreib uns dazu einfach eine E-Mail an:\u00a0<a href=\"mailto:shop@b5-builds.com\" target=\"_new\" rel=\"noopener\">shop@b5-builds.com<\/a>\u00a0oder sende uns eine Direktnachricht auf Instagram an: @b5_Builds oder @b5_Builds_shop.<\/p>\n<p><strong>Weitere Produkte<\/strong> von uns findest du hier:\u00a0 <a href=\"https:\/\/www.instagram.com\/b5_builds_shop?igshid=OGQ5ZDc2ODk2ZA==\">https:\/\/www.instagram.com\/b5_builds_shop?igshid=OGQ5ZDc2ODk2ZA==<\/a>\u00a0\u00a0<a href=\"https:\/\/b5-builds.com\/en\/shop\/\">https:\/\/b5-builds.com\/shop<\/a><\/p>","protected":false},"excerpt":{"rendered":"<p>Scent: Mango &amp; Peach<\/p>","protected":false},"featured_media":469,"comment_status":"open","ping_status":"closed","template":"","meta":[],"product_brand":[],"product_cat":[38],"product_tag":[77,79,34,62,63,66],"class_list":{"0":"post-421","1":"product","2":"type-product","3":"status-publish","4":"has-post-thumbnail","6":"product_cat-air-freshener","7":"product_tag-airfreshener","8":"product_tag-autoduft","9":"product_tag-duftbaum","10":"product_tag-geschenk-fuer-autoliebhaber","11":"product_tag-geschenk-fuer-freund","12":"product_tag-geschenk-fuer-freundin","14":"first","15":"instock","16":"shipping-taxable","17":"purchasable","18":"product-type-simple"},"yoast_head":"<!-- This site is optimized with the Yoast SEO plugin v27.5 - https:\/\/yoast.com\/product\/yoast-seo-wordpress\/ -->\n<title>Air Freshener - edition purple (Mango&amp;Pfirisch) - B5_Builds<\/title>\n<meta name=\"description\" content=\"Air Freshener - edition purple (Mango&amp;Pfirsich) Duftbaum mit langanhaltendem Duft, schneller Versand, B5_Builds, JETZT BESTELLEN:\" \/>\n<meta name=\"robots\" content=\"index, follow, max-snippet:-1, max-image-preview:large, max-video-preview:-1\" \/>\n<link rel=\"canonical\" href=\"https:\/\/b5-builds.com\/en\/product\/air-freshener-purple-edition\/\" \/>\n<meta property=\"og:locale\" content=\"en_US\" \/>\n<meta property=\"og:type\" content=\"article\" \/>\n<meta property=\"og:title\" content=\"Air Freshener - edition purple (Mango&amp;Pfirisch) - B5_Builds\" \/>\n<meta property=\"og:description\" content=\"Air Freshener - edition purple (Mango&amp;Pfirsich) Duftbaum mit langanhaltendem Duft, schneller Versand, B5_Builds, JETZT BESTELLEN:\" \/>\n<meta property=\"og:url\" content=\"https:\/\/b5-builds.com\/en\/product\/air-freshener-purple-edition\/\" \/>\n<meta property=\"og:site_name\" content=\"B5_Builds\" \/>\n<meta property=\"article:modified_time\" content=\"2024-11-17T13:23:07+00:00\" \/>\n<meta property=\"og:image\" content=\"https:\/\/b5-builds.com\/wp-content\/uploads\/2021\/08\/Unbenannt-2-1-scaled.jpg\" \/>\n\t<meta property=\"og:image:width\" content=\"1707\" \/>\n\t<meta property=\"og:image:height\" content=\"2560\" \/>\n\t<meta property=\"og:image:type\" content=\"image\/jpeg\" \/>\n<meta name=\"twitter:card\" content=\"summary_large_image\" \/>\n<meta name=\"twitter:label1\" content=\"Est. reading time\" \/>\n\t<meta name=\"twitter:data1\" content=\"2 minutes\" \/>\n<script type=\"application\/ld+json\" class=\"yoast-schema-graph\">{\"@context\":\"https:\\\/\\\/schema.org\",\"@graph\":[{\"@type\":\"WebPage\",\"@id\":\"https:\\\/\\\/b5-builds.com\\\/produkt\\\/air-freshener-purple-edition\",\"url\":\"https:\\\/\\\/b5-builds.com\\\/produkt\\\/air-freshener-purple-edition\",\"name\":\"Air Freshener - edition purple (Mango&Pfirisch) - B5_Builds\",\"isPartOf\":{\"@id\":\"https:\\\/\\\/b5-builds.com\\\/#website\"},\"primaryImageOfPage\":{\"@id\":\"https:\\\/\\\/b5-builds.com\\\/produkt\\\/air-freshener-purple-edition#primaryimage\"},\"image\":{\"@id\":\"https:\\\/\\\/b5-builds.com\\\/produkt\\\/air-freshener-purple-edition#primaryimage\"},\"thumbnailUrl\":\"https:\\\/\\\/i0.wp.com\\\/b5-builds.com\\\/wp-content\\\/uploads\\\/2021\\\/08\\\/Unbenannt-2-1-scaled.jpg?fit=1707%2C2560&ssl=1\",\"datePublished\":\"2021-08-19T18:56:51+00:00\",\"dateModified\":\"2024-11-17T13:23:07+00:00\",\"description\":\"Air Freshener - edition purple (Mango&Pfirsich) Duftbaum mit langanhaltendem Duft, schneller Versand, B5_Builds, JETZT BESTELLEN:\",\"breadcrumb\":{\"@id\":\"https:\\\/\\\/b5-builds.com\\\/produkt\\\/air-freshener-purple-edition#breadcrumb\"},\"inLanguage\":\"en-US\",\"potentialAction\":[{\"@type\":\"ReadAction\",\"target\":[\"https:\\\/\\\/b5-builds.com\\\/produkt\\\/air-freshener-purple-edition\"]}]},{\"@type\":\"ImageObject\",\"inLanguage\":\"en-US\",\"@id\":\"https:\\\/\\\/b5-builds.com\\\/produkt\\\/air-freshener-purple-edition#primaryimage\",\"url\":\"https:\\\/\\\/i0.wp.com\\\/b5-builds.com\\\/wp-content\\\/uploads\\\/2021\\\/08\\\/Unbenannt-2-1-scaled.jpg?fit=1707%2C2560&ssl=1\",\"contentUrl\":\"https:\\\/\\\/i0.wp.com\\\/b5-builds.com\\\/wp-content\\\/uploads\\\/2021\\\/08\\\/Unbenannt-2-1-scaled.jpg?fit=1707%2C2560&ssl=1\",\"width\":1707,\"height\":2560},{\"@type\":\"BreadcrumbList\",\"@id\":\"https:\\\/\\\/b5-builds.com\\\/produkt\\\/air-freshener-purple-edition#breadcrumb\",\"itemListElement\":[{\"@type\":\"ListItem\",\"position\":1,\"name\":\"Startseite\",\"item\":\"https:\\\/\\\/b5-builds.com\\\/\"},{\"@type\":\"ListItem\",\"position\":2,\"name\":\"Shop\",\"item\":\"https:\\\/\\\/b5-builds.com\\\/shop\"},{\"@type\":\"ListItem\",\"position\":3,\"name\":\"Air Freshener &#8211; edition purple (Mango&#038;Pfirsich)\"}]},{\"@type\":\"WebSite\",\"@id\":\"https:\\\/\\\/b5-builds.com\\\/#website\",\"url\":\"https:\\\/\\\/b5-builds.com\\\/\",\"name\":\"B5_Builds\",\"description\":\"Handmade Sticker und hochwertige Lufterfrischer f\u00fcr dein Auto.\",\"publisher\":{\"@id\":\"https:\\\/\\\/b5-builds.com\\\/#organization\"},\"potentialAction\":[{\"@type\":\"SearchAction\",\"target\":{\"@type\":\"EntryPoint\",\"urlTemplate\":\"https:\\\/\\\/b5-builds.com\\\/?s={search_term_string}\"},\"query-input\":{\"@type\":\"PropertyValueSpecification\",\"valueRequired\":true,\"valueName\":\"search_term_string\"}}],\"inLanguage\":\"en-US\"},{\"@type\":\"Organization\",\"@id\":\"https:\\\/\\\/b5-builds.com\\\/#organization\",\"name\":\"B5_Builds\",\"url\":\"https:\\\/\\\/b5-builds.com\\\/\",\"logo\":{\"@type\":\"ImageObject\",\"inLanguage\":\"en-US\",\"@id\":\"https:\\\/\\\/b5-builds.com\\\/#\\\/schema\\\/logo\\\/image\\\/\",\"url\":\"https:\\\/\\\/i0.wp.com\\\/b5-builds.com\\\/wp-content\\\/uploads\\\/2021\\\/06\\\/Unbenannt-1.png?fit=350%2C100&ssl=1\",\"contentUrl\":\"https:\\\/\\\/i0.wp.com\\\/b5-builds.com\\\/wp-content\\\/uploads\\\/2021\\\/06\\\/Unbenannt-1.png?fit=350%2C100&ssl=1\",\"width\":350,\"height\":100,\"caption\":\"B5_Builds\"},\"image\":{\"@id\":\"https:\\\/\\\/b5-builds.com\\\/#\\\/schema\\\/logo\\\/image\\\/\"},\"sameAs\":[\"https:\\\/\\\/www.instagram.com\\\/b5_builds?igshid=OGQ5ZDc2ODk2ZA\",\"https:\\\/\\\/youtube.com\\\/@b5_builds376?si=su2EkM16Ojcn-Uq5\"]}]}<\/script>\n<!-- \/ Yoast SEO plugin. -->","yoast_head_json":{"title":"Air Freshener - edition purple (Mango&Pfirisch) - B5_Builds","description":"Air Freshener - edition purple (Mango&Pfirsich) Duftbaum mit langanhaltendem Duft, schneller Versand, B5_Builds, JETZT BESTELLEN:","robots":{"index":"index","follow":"follow","max-snippet":"max-snippet:-1","max-image-preview":"max-image-preview:large","max-video-preview":"max-video-preview:-1"},"canonical":"https:\/\/b5-builds.com\/en\/product\/air-freshener-purple-edition\/","og_locale":"en_US","og_type":"article","og_title":"Air Freshener - edition purple (Mango&Pfirisch) - B5_Builds","og_description":"Air Freshener - edition purple (Mango&Pfirsich) Duftbaum mit langanhaltendem Duft, schneller Versand, B5_Builds, JETZT BESTELLEN:","og_url":"https:\/\/b5-builds.com\/en\/product\/air-freshener-purple-edition\/","og_site_name":"B5_Builds","article_modified_time":"2024-11-17T13:23:07+00:00","og_image":[{"width":1707,"height":2560,"url":"https:\/\/b5-builds.com\/wp-content\/uploads\/2021\/08\/Unbenannt-2-1-scaled.jpg","type":"image\/jpeg"}],"twitter_card":"summary_large_image","twitter_misc":{"Est. reading time":"2 minutes"},"schema":{"@context":"https:\/\/schema.org","@graph":[{"@type":"WebPage","@id":"https:\/\/b5-builds.com\/produkt\/air-freshener-purple-edition","url":"https:\/\/b5-builds.com\/produkt\/air-freshener-purple-edition","name":"Air Freshener - edition purple (Mango&Pfirisch) - B5_Builds","isPartOf":{"@id":"https:\/\/b5-builds.com\/#website"},"primaryImageOfPage":{"@id":"https:\/\/b5-builds.com\/produkt\/air-freshener-purple-edition#primaryimage"},"image":{"@id":"https:\/\/b5-builds.com\/produkt\/air-freshener-purple-edition#primaryimage"},"thumbnailUrl":"https:\/\/i0.wp.com\/b5-builds.com\/wp-content\/uploads\/2021\/08\/Unbenannt-2-1-scaled.jpg?fit=1707%2C2560&ssl=1","datePublished":"2021-08-19T18:56:51+00:00","dateModified":"2024-11-17T13:23:07+00:00","description":"Air Freshener - edition purple (Mango&Pfirsich) Duftbaum mit langanhaltendem Duft, schneller Versand, B5_Builds, JETZT BESTELLEN:","breadcrumb":{"@id":"https:\/\/b5-builds.com\/produkt\/air-freshener-purple-edition#breadcrumb"},"inLanguage":"en-US","potentialAction":[{"@type":"ReadAction","target":["https:\/\/b5-builds.com\/produkt\/air-freshener-purple-edition"]}]},{"@type":"ImageObject","inLanguage":"en-US","@id":"https:\/\/b5-builds.com\/produkt\/air-freshener-purple-edition#primaryimage","url":"https:\/\/i0.wp.com\/b5-builds.com\/wp-content\/uploads\/2021\/08\/Unbenannt-2-1-scaled.jpg?fit=1707%2C2560&ssl=1","contentUrl":"https:\/\/i0.wp.com\/b5-builds.com\/wp-content\/uploads\/2021\/08\/Unbenannt-2-1-scaled.jpg?fit=1707%2C2560&ssl=1","width":1707,"height":2560},{"@type":"BreadcrumbList","@id":"https:\/\/b5-builds.com\/produkt\/air-freshener-purple-edition#breadcrumb","itemListElement":[{"@type":"ListItem","position":1,"name":"Startseite","item":"https:\/\/b5-builds.com\/"},{"@type":"ListItem","position":2,"name":"Shop","item":"https:\/\/b5-builds.com\/shop"},{"@type":"ListItem","position":3,"name":"Air Freshener &#8211; edition purple (Mango&#038;Pfirsich)"}]},{"@type":"WebSite","@id":"https:\/\/b5-builds.com\/#website","url":"https:\/\/b5-builds.com\/","name":"B5_Builds","description":"Handmade Sticker and Air Freshener for your car.","publisher":{"@id":"https:\/\/b5-builds.com\/#organization"},"potentialAction":[{"@type":"SearchAction","target":{"@type":"EntryPoint","urlTemplate":"https:\/\/b5-builds.com\/?s={search_term_string}"},"query-input":{"@type":"PropertyValueSpecification","valueRequired":true,"valueName":"search_term_string"}}],"inLanguage":"en-US"},{"@type":"Organization","@id":"https:\/\/b5-builds.com\/#organization","name":"B5_Builds","url":"https:\/\/b5-builds.com\/","logo":{"@type":"ImageObject","inLanguage":"en-US","@id":"https:\/\/b5-builds.com\/#\/schema\/logo\/image\/","url":"https:\/\/i0.wp.com\/b5-builds.com\/wp-content\/uploads\/2021\/06\/Unbenannt-1.png?fit=350%2C100&ssl=1","contentUrl":"https:\/\/i0.wp.com\/b5-builds.com\/wp-content\/uploads\/2021\/06\/Unbenannt-1.png?fit=350%2C100&ssl=1","width":350,"height":100,"caption":"B5_Builds"},"image":{"@id":"https:\/\/b5-builds.com\/#\/schema\/logo\/image\/"},"sameAs":["https:\/\/www.instagram.com\/b5_builds?igshid=OGQ5ZDc2ODk2ZA","https:\/\/youtube.com\/@b5_builds376?si=su2EkM16Ojcn-Uq5"]}]}},"_links":{"self":[{"href":"https:\/\/b5-builds.com\/en\/wp-json\/wp\/v2\/product\/421","targetHints":{"allow":["GET"]}}],"collection":[{"href":"https:\/\/b5-builds.com\/en\/wp-json\/wp\/v2\/product"}],"about":[{"href":"https:\/\/b5-builds.com\/en\/wp-json\/wp\/v2\/types\/product"}],"replies":[{"embeddable":true,"href":"https:\/\/b5-builds.com\/en\/wp-json\/wp\/v2\/comments?post=421"}],"wp:featuredmedia":[{"embeddable":true,"href":"https:\/\/b5-builds.com\/en\/wp-json\/wp\/v2\/media\/469"}],"wp:attachment":[{"href":"https:\/\/b5-builds.com\/en\/wp-json\/wp\/v2\/media?parent=421"}],"wp:term":[{"taxonomy":"product_brand","embeddable":true,"href":"https:\/\/b5-builds.com\/en\/wp-json\/wp\/v2\/product_brand?post=421"},{"taxonomy":"product_cat","embeddable":true,"href":"https:\/\/b5-builds.com\/en\/wp-json\/wp\/v2\/product_cat?post=421"},{"taxonomy":"product_tag","embeddable":true,"href":"https:\/\/b5-builds.com\/en\/wp-json\/wp\/v2\/product_tag?post=421"}],"curies":[{"name":"wp","href":"https:\/\/api.w.org\/{rel}","templated":true}]}}