{"id":3597,"date":"2023-12-18T23:36:31","date_gmt":"2023-12-18T23:36:31","guid":{"rendered":"https:\/\/b5-builds.com\/?post_type=product&#038;p=3597"},"modified":"2025-10-22T10:48:34","modified_gmt":"2025-10-22T10:48:34","slug":"sticker-pumpeduese","status":"publish","type":"product","link":"https:\/\/b5-builds.com\/en\/product\/sticker-pumpeduese","title":{"rendered":"Sticker &#8211; pumped\u00fcse"},"content":{"rendered":"<p><strong>Autosticker &#8211; pumped\u00fcse<\/strong><\/p>\n<p>DER Autoaufkleber &#8211; Exklusiv f\u00fcr deine Pumpe-D\u00fcse Shitbox!<\/p>\n<p>Mit den Abmessungen von 10 x 2,9 cm oder 15 x 4,4 cm sind unsere Sticker perfekt f\u00fcr alle, die ihr Auto individuell gestalten m\u00f6chten.<\/p>\n<p>Jeder Autoaufkleber wird frisch nach deiner Bestellung hergestellt, dann liebevoll verpackt und sofort versendet. Das bedeutet, dass du nicht nur ein hochwertiges Produkt, sondern auch die Gewissheit erh\u00e4ltst, dass dein Sticker speziell f\u00fcr dich angefertigt wurde.<\/p>\n<p>Gefertigt mit Liebe und Leidenschaft f\u00fcr Autos, sind unsere Sticker eine stylische und pers\u00f6nliche M\u00f6glichkeit um deinem Fahrzeug eine einzigartige Note zu verleihen.<\/p>\n<p>Bestelle den Autosticker\u00a0 &#8211; pumped\u00fcse jetzt und verleihe deinem Auto den individuellen Touch, au\u00dferdem dient es als ideales Geschenk f\u00fcr jeden Auto-Enthusiasten!<\/p>\n<p><strong>Besonderheiten:<\/strong><\/p>\n<p>&#8211; wir verwenden hochqualitative Folie<\/p>\n<p>&#8211; eignet sich ideal als Geschenk f\u00fcr alle Auto-Enthusiasten<\/p>\n<p>&#8211; Hergestellt von einem kleinem Unternehmen mit Liebe und Leidenschaft f\u00fcr Autos<\/p>\n<p>&#8211; die Sticker kannst du selbst einfach und unkompliziert anbringen (Anleitung dazu: <a href=\"https:\/\/youtu.be\/5M8TIO3NkI4?si=RCnHwjcZwLJvUu76)\">https:\/\/youtu.be\/5M8TIO3NkI4?si=RCnHwjcZwLJvUu76)<\/a><\/p>\n<p><strong>Versand:<\/strong><\/p>\n<p>Die von dir bestellten Produkte werden frisch und innerhalb von nur 24 Stunden hergestellt, bevor sie sofort verschickt werden. Unsere durchschnittliche Lieferzeit betr\u00e4gt in der Regel ca. 2-4 Werktage.<\/p>\n<p><strong>Kundenservice:<\/strong><\/p>\n<p>F\u00fcr den Fall, dass es Probleme mit deiner Lieferung gibt, stehen wir dir gerne zur Verf\u00fcgung. Kontaktiere uns und wir werden uns unverz\u00fcglich darum k\u00fcmmern, das Problem so schnell wie m\u00f6glich zu l\u00f6sen.<\/p>\n<p><strong>Eigene Ideen?<\/strong><\/p>\n<p>Wenn du eigene kreative Ideen hast, m\u00f6chten wir diese gerne in ein individuelles Auto-Sticker-Design verwandeln! Schreib uns dazu einfach eine E-Mail an: <a href=\"mailto:shop@b5-builds.com\" target=\"_new\" rel=\"noopener\">shop@b5-builds.com<\/a> oder sende uns eine Direktnachricht auf Instagram an: @b5_Builds oder @b5_Builds_shop.<\/p>\n<p><strong>Weitere Produkte<\/strong> von uns findest du hier: \u00a0\u00a0<a href=\"https:\/\/b5-builds.com\/en\/shop\/\">https:\/\/b5-builds.com\/shop<\/a><\/p>\n<p>&nbsp;<\/p>","protected":false},"excerpt":{"rendered":"<p>W\u00e4hle deine gew\u00fcnschte Farbe und Gr\u00f6\u00dfe<\/p>","protected":false},"featured_media":4707,"comment_status":"open","ping_status":"closed","template":"","meta":[],"product_brand":[],"product_cat":[41],"product_tag":[64,60,62,63,88,89,61],"class_list":{"0":"post-3597","1":"product","2":"type-product","3":"status-publish","4":"has-post-thumbnail","6":"product_cat-sticker","7":"product_tag-autoaufkleber","8":"product_tag-autosticker","9":"product_tag-geschenk-fuer-autoliebhaber","10":"product_tag-geschenk-fuer-freund","11":"product_tag-pumpeduese","12":"product_tag-sticker","13":"product_tag-sticker-fuer-autos","15":"first","16":"instock","17":"shipping-taxable","18":"purchasable","19":"product-type-variable"},"yoast_head":"<!-- This site is optimized with the Yoast SEO plugin v27.5 - https:\/\/yoast.com\/product\/yoast-seo-wordpress\/ -->\n<title>Autosticker - pumped\u00fcse - B5_Builds - Autoaufkleber<\/title>\n<meta name=\"description\" content=\"Autosticker -Autosticker - pumped\u00fcse- eignet sich\u00a0Ideal als Geschenk f\u00fcr alle Auto-Enthusiasten, hergestellt aus einer hochwertigen Folie und mit viel Liebe\" \/>\n<meta name=\"robots\" content=\"index, follow, max-snippet:-1, max-image-preview:large, max-video-preview:-1\" \/>\n<link rel=\"canonical\" href=\"https:\/\/b5-builds.com\/en\/product\/sticker-pumpeduese\/\" \/>\n<meta property=\"og:locale\" content=\"en_US\" \/>\n<meta property=\"og:type\" content=\"article\" \/>\n<meta property=\"og:title\" content=\"Autosticker - pumped\u00fcse - B5_Builds - Autoaufkleber\" \/>\n<meta property=\"og:description\" content=\"Autosticker -Autosticker - pumped\u00fcse- eignet sich\u00a0Ideal als Geschenk f\u00fcr alle Auto-Enthusiasten, hergestellt aus einer hochwertigen Folie und mit viel Liebe\" \/>\n<meta property=\"og:url\" content=\"https:\/\/b5-builds.com\/en\/product\/sticker-pumpeduese\/\" \/>\n<meta property=\"og:site_name\" content=\"B5_Builds\" \/>\n<meta property=\"article:modified_time\" content=\"2025-10-22T10:48:34+00:00\" \/>\n<meta property=\"og:image\" content=\"https:\/\/b5-builds.com\/wp-content\/uploads\/2023\/12\/IMG_9761-scaled.jpg\" \/>\n\t<meta property=\"og:image:width\" content=\"2560\" \/>\n\t<meta property=\"og:image:height\" content=\"1707\" \/>\n\t<meta property=\"og:image:type\" content=\"image\/jpeg\" \/>\n<meta name=\"twitter:card\" content=\"summary_large_image\" \/>\n<meta name=\"twitter:label1\" content=\"Est. reading time\" \/>\n\t<meta name=\"twitter:data1\" content=\"2 minutes\" \/>\n<script type=\"application\/ld+json\" class=\"yoast-schema-graph\">{\"@context\":\"https:\\\/\\\/schema.org\",\"@graph\":[{\"@type\":\"WebPage\",\"@id\":\"https:\\\/\\\/b5-builds.com\\\/produkt\\\/sticker-pumpeduese\",\"url\":\"https:\\\/\\\/b5-builds.com\\\/produkt\\\/sticker-pumpeduese\",\"name\":\"Autosticker - pumped\u00fcse - B5_Builds - Autoaufkleber\",\"isPartOf\":{\"@id\":\"https:\\\/\\\/b5-builds.com\\\/#website\"},\"primaryImageOfPage\":{\"@id\":\"https:\\\/\\\/b5-builds.com\\\/produkt\\\/sticker-pumpeduese#primaryimage\"},\"image\":{\"@id\":\"https:\\\/\\\/b5-builds.com\\\/produkt\\\/sticker-pumpeduese#primaryimage\"},\"thumbnailUrl\":\"https:\\\/\\\/i0.wp.com\\\/b5-builds.com\\\/wp-content\\\/uploads\\\/2023\\\/12\\\/IMG_9761-scaled.jpg?fit=2560%2C1707&ssl=1\",\"datePublished\":\"2023-12-18T23:36:31+00:00\",\"dateModified\":\"2025-10-22T10:48:34+00:00\",\"description\":\"Autosticker -Autosticker - pumped\u00fcse- eignet sich\u00a0Ideal als Geschenk f\u00fcr alle Auto-Enthusiasten, hergestellt aus einer hochwertigen Folie und mit viel Liebe\",\"breadcrumb\":{\"@id\":\"https:\\\/\\\/b5-builds.com\\\/produkt\\\/sticker-pumpeduese#breadcrumb\"},\"inLanguage\":\"en-US\",\"potentialAction\":[{\"@type\":\"ReadAction\",\"target\":[\"https:\\\/\\\/b5-builds.com\\\/produkt\\\/sticker-pumpeduese\"]}]},{\"@type\":\"ImageObject\",\"inLanguage\":\"en-US\",\"@id\":\"https:\\\/\\\/b5-builds.com\\\/produkt\\\/sticker-pumpeduese#primaryimage\",\"url\":\"https:\\\/\\\/i0.wp.com\\\/b5-builds.com\\\/wp-content\\\/uploads\\\/2023\\\/12\\\/IMG_9761-scaled.jpg?fit=2560%2C1707&ssl=1\",\"contentUrl\":\"https:\\\/\\\/i0.wp.com\\\/b5-builds.com\\\/wp-content\\\/uploads\\\/2023\\\/12\\\/IMG_9761-scaled.jpg?fit=2560%2C1707&ssl=1\",\"width\":2560,\"height\":1707,\"caption\":\"B5_Bomber by B5_Builds Aufkleber\\\/ Autosticker\"},{\"@type\":\"BreadcrumbList\",\"@id\":\"https:\\\/\\\/b5-builds.com\\\/produkt\\\/sticker-pumpeduese#breadcrumb\",\"itemListElement\":[{\"@type\":\"ListItem\",\"position\":1,\"name\":\"Startseite\",\"item\":\"https:\\\/\\\/b5-builds.com\\\/\"},{\"@type\":\"ListItem\",\"position\":2,\"name\":\"Shop\",\"item\":\"https:\\\/\\\/b5-builds.com\\\/shop\"},{\"@type\":\"ListItem\",\"position\":3,\"name\":\"Sticker &#8211; pumped\u00fcse\"}]},{\"@type\":\"WebSite\",\"@id\":\"https:\\\/\\\/b5-builds.com\\\/#website\",\"url\":\"https:\\\/\\\/b5-builds.com\\\/\",\"name\":\"B5_Builds\",\"description\":\"Handmade Sticker und hochwertige Lufterfrischer f\u00fcr dein Auto.\",\"publisher\":{\"@id\":\"https:\\\/\\\/b5-builds.com\\\/#organization\"},\"potentialAction\":[{\"@type\":\"SearchAction\",\"target\":{\"@type\":\"EntryPoint\",\"urlTemplate\":\"https:\\\/\\\/b5-builds.com\\\/?s={search_term_string}\"},\"query-input\":{\"@type\":\"PropertyValueSpecification\",\"valueRequired\":true,\"valueName\":\"search_term_string\"}}],\"inLanguage\":\"en-US\"},{\"@type\":\"Organization\",\"@id\":\"https:\\\/\\\/b5-builds.com\\\/#organization\",\"name\":\"B5_Builds\",\"url\":\"https:\\\/\\\/b5-builds.com\\\/\",\"logo\":{\"@type\":\"ImageObject\",\"inLanguage\":\"en-US\",\"@id\":\"https:\\\/\\\/b5-builds.com\\\/#\\\/schema\\\/logo\\\/image\\\/\",\"url\":\"https:\\\/\\\/i0.wp.com\\\/b5-builds.com\\\/wp-content\\\/uploads\\\/2021\\\/06\\\/Unbenannt-1.png?fit=350%2C100&ssl=1\",\"contentUrl\":\"https:\\\/\\\/i0.wp.com\\\/b5-builds.com\\\/wp-content\\\/uploads\\\/2021\\\/06\\\/Unbenannt-1.png?fit=350%2C100&ssl=1\",\"width\":350,\"height\":100,\"caption\":\"B5_Builds\"},\"image\":{\"@id\":\"https:\\\/\\\/b5-builds.com\\\/#\\\/schema\\\/logo\\\/image\\\/\"},\"sameAs\":[\"https:\\\/\\\/www.instagram.com\\\/b5_builds?igshid=OGQ5ZDc2ODk2ZA\",\"https:\\\/\\\/youtube.com\\\/@b5_builds376?si=su2EkM16Ojcn-Uq5\"]}]}<\/script>\n<!-- \/ Yoast SEO plugin. -->","yoast_head_json":{"title":"Autosticker - pumped\u00fcse - B5_Builds - Autoaufkleber","description":"Autosticker -Autosticker - pumped\u00fcse- eignet sich\u00a0Ideal als Geschenk f\u00fcr alle Auto-Enthusiasten, hergestellt aus einer hochwertigen Folie und mit viel Liebe","robots":{"index":"index","follow":"follow","max-snippet":"max-snippet:-1","max-image-preview":"max-image-preview:large","max-video-preview":"max-video-preview:-1"},"canonical":"https:\/\/b5-builds.com\/en\/product\/sticker-pumpeduese\/","og_locale":"en_US","og_type":"article","og_title":"Autosticker - pumped\u00fcse - B5_Builds - Autoaufkleber","og_description":"Autosticker -Autosticker - pumped\u00fcse- eignet sich\u00a0Ideal als Geschenk f\u00fcr alle Auto-Enthusiasten, hergestellt aus einer hochwertigen Folie und mit viel Liebe","og_url":"https:\/\/b5-builds.com\/en\/product\/sticker-pumpeduese\/","og_site_name":"B5_Builds","article_modified_time":"2025-10-22T10:48:34+00:00","og_image":[{"width":2560,"height":1707,"url":"https:\/\/b5-builds.com\/wp-content\/uploads\/2023\/12\/IMG_9761-scaled.jpg","type":"image\/jpeg"}],"twitter_card":"summary_large_image","twitter_misc":{"Est. reading time":"2 minutes"},"schema":{"@context":"https:\/\/schema.org","@graph":[{"@type":"WebPage","@id":"https:\/\/b5-builds.com\/produkt\/sticker-pumpeduese","url":"https:\/\/b5-builds.com\/produkt\/sticker-pumpeduese","name":"Autosticker - pumped\u00fcse - B5_Builds - Autoaufkleber","isPartOf":{"@id":"https:\/\/b5-builds.com\/#website"},"primaryImageOfPage":{"@id":"https:\/\/b5-builds.com\/produkt\/sticker-pumpeduese#primaryimage"},"image":{"@id":"https:\/\/b5-builds.com\/produkt\/sticker-pumpeduese#primaryimage"},"thumbnailUrl":"https:\/\/i0.wp.com\/b5-builds.com\/wp-content\/uploads\/2023\/12\/IMG_9761-scaled.jpg?fit=2560%2C1707&ssl=1","datePublished":"2023-12-18T23:36:31+00:00","dateModified":"2025-10-22T10:48:34+00:00","description":"Autosticker -Autosticker - pumped\u00fcse- eignet sich\u00a0Ideal als Geschenk f\u00fcr alle Auto-Enthusiasten, hergestellt aus einer hochwertigen Folie und mit viel Liebe","breadcrumb":{"@id":"https:\/\/b5-builds.com\/produkt\/sticker-pumpeduese#breadcrumb"},"inLanguage":"en-US","potentialAction":[{"@type":"ReadAction","target":["https:\/\/b5-builds.com\/produkt\/sticker-pumpeduese"]}]},{"@type":"ImageObject","inLanguage":"en-US","@id":"https:\/\/b5-builds.com\/produkt\/sticker-pumpeduese#primaryimage","url":"https:\/\/i0.wp.com\/b5-builds.com\/wp-content\/uploads\/2023\/12\/IMG_9761-scaled.jpg?fit=2560%2C1707&ssl=1","contentUrl":"https:\/\/i0.wp.com\/b5-builds.com\/wp-content\/uploads\/2023\/12\/IMG_9761-scaled.jpg?fit=2560%2C1707&ssl=1","width":2560,"height":1707,"caption":"B5_Bomber by B5_Builds Aufkleber\/ Autosticker"},{"@type":"BreadcrumbList","@id":"https:\/\/b5-builds.com\/produkt\/sticker-pumpeduese#breadcrumb","itemListElement":[{"@type":"ListItem","position":1,"name":"Startseite","item":"https:\/\/b5-builds.com\/"},{"@type":"ListItem","position":2,"name":"Shop","item":"https:\/\/b5-builds.com\/shop"},{"@type":"ListItem","position":3,"name":"Sticker &#8211; pumped\u00fcse"}]},{"@type":"WebSite","@id":"https:\/\/b5-builds.com\/#website","url":"https:\/\/b5-builds.com\/","name":"B5_Builds","description":"Handmade Sticker and Air Freshener for your car.","publisher":{"@id":"https:\/\/b5-builds.com\/#organization"},"potentialAction":[{"@type":"SearchAction","target":{"@type":"EntryPoint","urlTemplate":"https:\/\/b5-builds.com\/?s={search_term_string}"},"query-input":{"@type":"PropertyValueSpecification","valueRequired":true,"valueName":"search_term_string"}}],"inLanguage":"en-US"},{"@type":"Organization","@id":"https:\/\/b5-builds.com\/#organization","name":"B5_Builds","url":"https:\/\/b5-builds.com\/","logo":{"@type":"ImageObject","inLanguage":"en-US","@id":"https:\/\/b5-builds.com\/#\/schema\/logo\/image\/","url":"https:\/\/i0.wp.com\/b5-builds.com\/wp-content\/uploads\/2021\/06\/Unbenannt-1.png?fit=350%2C100&ssl=1","contentUrl":"https:\/\/i0.wp.com\/b5-builds.com\/wp-content\/uploads\/2021\/06\/Unbenannt-1.png?fit=350%2C100&ssl=1","width":350,"height":100,"caption":"B5_Builds"},"image":{"@id":"https:\/\/b5-builds.com\/#\/schema\/logo\/image\/"},"sameAs":["https:\/\/www.instagram.com\/b5_builds?igshid=OGQ5ZDc2ODk2ZA","https:\/\/youtube.com\/@b5_builds376?si=su2EkM16Ojcn-Uq5"]}]}},"_links":{"self":[{"href":"https:\/\/b5-builds.com\/en\/wp-json\/wp\/v2\/product\/3597","targetHints":{"allow":["GET"]}}],"collection":[{"href":"https:\/\/b5-builds.com\/en\/wp-json\/wp\/v2\/product"}],"about":[{"href":"https:\/\/b5-builds.com\/en\/wp-json\/wp\/v2\/types\/product"}],"replies":[{"embeddable":true,"href":"https:\/\/b5-builds.com\/en\/wp-json\/wp\/v2\/comments?post=3597"}],"wp:featuredmedia":[{"embeddable":true,"href":"https:\/\/b5-builds.com\/en\/wp-json\/wp\/v2\/media\/4707"}],"wp:attachment":[{"href":"https:\/\/b5-builds.com\/en\/wp-json\/wp\/v2\/media?parent=3597"}],"wp:term":[{"taxonomy":"product_brand","embeddable":true,"href":"https:\/\/b5-builds.com\/en\/wp-json\/wp\/v2\/product_brand?post=3597"},{"taxonomy":"product_cat","embeddable":true,"href":"https:\/\/b5-builds.com\/en\/wp-json\/wp\/v2\/product_cat?post=3597"},{"taxonomy":"product_tag","embeddable":true,"href":"https:\/\/b5-builds.com\/en\/wp-json\/wp\/v2\/product_tag?post=3597"}],"curies":[{"name":"wp","href":"https:\/\/api.w.org\/{rel}","templated":true}]}}