{"id":3119,"date":"2023-10-09T08:56:49","date_gmt":"2023-10-09T08:56:49","guid":{"rendered":"https:\/\/b5-builds.com\/?post_type=product&#038;p=3119"},"modified":"2026-04-29T18:48:54","modified_gmt":"2026-04-29T18:48:54","slug":"sticker-passenger-princess","status":"publish","type":"product","link":"https:\/\/b5-builds.com\/en\/product\/sticker-passenger-princess","title":{"rendered":"Sticker &#8211; passenger princess"},"content":{"rendered":"<p><strong>Autosticker &#8211; passenger princess<\/strong><\/p>\n<p>DER Autoaufkleber um deine Prinzessin gl\u00fccklich zu machen!<\/p>\n<p>Mit den Abmessungen von 10\u00d71,2cm\/15\u00d71,9cm cm sind die Autosticker &#8211; Passenger Princess perfekt f\u00fcr alle, die ihren Auto individuell gestalten m\u00f6chten. Die oben genannten Gr\u00f6\u00dfen sind f\u00fcr das Armaturenbrett oder \u00e4hnliches gedacht. Auf Wunsch kann die Gr\u00f6\u00dfe jedoch individuell angepasst werden!<\/p>\n<p>Jeder Autoaufkleber wird frisch nach deiner Bestellung hergestellt, liebevoll verpackt und sofort versendet. Das bedeutet, dass du nicht nur ein hochwertiges Produkt erh\u00e4ltst, sondern auch die Gewissheit, dass dein Sticker speziell f\u00fcr dich angefertigt wurde.<\/p>\n<p>Gefertigt mit Liebe und Leidenschaft f\u00fcr Autos, sind unsere Sticker eine stylische und pers\u00f6nliche M\u00f6glichkeit, deinem Fahrzeug eine einzigartige Note zu verleihen.<\/p>\n<p>Bestelle den Autosticker &#8211; Passenger Princess jetzt und verleihe deinem Auto den individuellen Touch, den es verdient! Das ideale Geschenk f\u00fcr jede Passenger Princess und jeden Auto-Enthusiasten!<\/p>\n<p><strong>Versand:<\/strong><\/p>\n<p>Die von dir bestellten Produkte werden frisch und innerhalb von nur 24 Stunden hergestellt, bevor sie sofort verschickt werden. Unsere durchschnittliche Lieferzeit betr\u00e4gt in der Regel ca. 2-4 Werktage.<\/p>\n<p><strong>Kundenservice:<\/strong><\/p>\n<p>F\u00fcr den Fall, dass es Probleme mit deiner Lieferung gibt, stehen wir dir gerne zur Verf\u00fcgung. Kontaktiere uns und wir werden uns unverz\u00fcglich darum k\u00fcmmern, das Problem so schnell wie m\u00f6glich zu l\u00f6sen.<\/p>\n<p><strong>Eigene Ideen?<\/strong><\/p>\n<p>Wenn du eigene kreative Ideen hast, m\u00f6chten wir diese gerne in ein individuelles Auto-Sticker-Design verwandeln! Schreib uns dazu einfach eine E-Mail an: <a href=\"mailto:shop@b5-builds.com\" target=\"_new\" rel=\"noopener\">shop@b5-builds.com<\/a> oder sende uns eine Direktnachricht auf Instagram an: @b5_Builds oder @b5_Builds_shop.<\/p>\n<p><strong>Weitere Produkte<\/strong> von uns findest du hier: \u00a0\u00a0<a href=\"https:\/\/b5-builds.com\/en\/shop\/\">https:\/\/b5-builds.com\/shop<\/a><\/p>\n<p>&nbsp;<\/p>","protected":false},"excerpt":{"rendered":"<p>W\u00e4hle die gew\u00fcnschte Farbe\/ Gr\u00f6\u00dfe.<\/p>","protected":false},"featured_media":3152,"comment_status":"open","ping_status":"closed","template":"","meta":[],"product_brand":[],"product_cat":[41],"product_tag":[64,60,68,62,66,67,61],"class_list":{"0":"post-3119","1":"product","2":"type-product","3":"status-publish","4":"has-post-thumbnail","6":"product_cat-sticker","7":"product_tag-autoaufkleber","8":"product_tag-autosticker","9":"product_tag-coole-autosticker","10":"product_tag-geschenk-fuer-autoliebhaber","11":"product_tag-geschenk-fuer-freundin","12":"product_tag-passenger-princess","13":"product_tag-sticker-fuer-autos","15":"first","16":"instock","17":"shipping-taxable","18":"purchasable","19":"product-type-variable"},"yoast_head":"<!-- This site is optimized with the Yoast SEO plugin v27.5 - https:\/\/yoast.com\/product\/yoast-seo-wordpress\/ -->\n<title>Autosticker - passenger princess - Sticker - passenger princess - B5_Builds<\/title>\n<meta name=\"description\" content=\"Autosticker - passenger princess, in verschiedenen Gr\u00f6\u00dfen erh\u00e4ltlich. Wir verwenden hochqualitative Folie und erstellen jeden Sticker mit viel Liebe.\" \/>\n<meta name=\"robots\" content=\"index, follow, max-snippet:-1, max-image-preview:large, max-video-preview:-1\" \/>\n<link rel=\"canonical\" href=\"https:\/\/b5-builds.com\/en\/product\/sticker-passenger-princess\/\" \/>\n<meta property=\"og:locale\" content=\"en_US\" \/>\n<meta property=\"og:type\" content=\"article\" \/>\n<meta property=\"og:title\" content=\"Autosticker - passenger princess - Sticker - passenger princess - B5_Builds\" \/>\n<meta property=\"og:description\" content=\"Autosticker - passenger princess, in verschiedenen Gr\u00f6\u00dfen erh\u00e4ltlich. Wir verwenden hochqualitative Folie und erstellen jeden Sticker mit viel Liebe.\" \/>\n<meta property=\"og:url\" content=\"https:\/\/b5-builds.com\/en\/product\/sticker-passenger-princess\/\" \/>\n<meta property=\"og:site_name\" content=\"B5_Builds\" \/>\n<meta property=\"article:modified_time\" content=\"2026-04-29T18:48:54+00:00\" \/>\n<meta property=\"og:image\" content=\"https:\/\/b5-builds.com\/wp-content\/uploads\/2023\/10\/passengerprincess-1-scaled.jpg\" \/>\n\t<meta property=\"og:image:width\" content=\"2560\" \/>\n\t<meta property=\"og:image:height\" content=\"1707\" \/>\n\t<meta property=\"og:image:type\" content=\"image\/jpeg\" \/>\n<meta name=\"twitter:card\" content=\"summary_large_image\" \/>\n<meta name=\"twitter:label1\" content=\"Est. reading time\" \/>\n\t<meta name=\"twitter:data1\" content=\"2 minutes\" \/>\n<script type=\"application\/ld+json\" class=\"yoast-schema-graph\">{\"@context\":\"https:\\\/\\\/schema.org\",\"@graph\":[{\"@type\":\"WebPage\",\"@id\":\"https:\\\/\\\/b5-builds.com\\\/produkt\\\/sticker-passenger-princess\",\"url\":\"https:\\\/\\\/b5-builds.com\\\/produkt\\\/sticker-passenger-princess\",\"name\":\"Autosticker - passenger princess - Sticker - passenger princess - B5_Builds\",\"isPartOf\":{\"@id\":\"https:\\\/\\\/b5-builds.com\\\/#website\"},\"primaryImageOfPage\":{\"@id\":\"https:\\\/\\\/b5-builds.com\\\/produkt\\\/sticker-passenger-princess#primaryimage\"},\"image\":{\"@id\":\"https:\\\/\\\/b5-builds.com\\\/produkt\\\/sticker-passenger-princess#primaryimage\"},\"thumbnailUrl\":\"https:\\\/\\\/i0.wp.com\\\/b5-builds.com\\\/wp-content\\\/uploads\\\/2023\\\/10\\\/passengerprincess-1-scaled.jpg?fit=2560%2C1707&ssl=1\",\"datePublished\":\"2023-10-09T08:56:49+00:00\",\"dateModified\":\"2026-04-29T18:48:54+00:00\",\"description\":\"Autosticker - passenger princess, in verschiedenen Gr\u00f6\u00dfen erh\u00e4ltlich. Wir verwenden hochqualitative Folie und erstellen jeden Sticker mit viel Liebe.\",\"breadcrumb\":{\"@id\":\"https:\\\/\\\/b5-builds.com\\\/produkt\\\/sticker-passenger-princess#breadcrumb\"},\"inLanguage\":\"en-US\",\"potentialAction\":[{\"@type\":\"ReadAction\",\"target\":[\"https:\\\/\\\/b5-builds.com\\\/produkt\\\/sticker-passenger-princess\"]}]},{\"@type\":\"ImageObject\",\"inLanguage\":\"en-US\",\"@id\":\"https:\\\/\\\/b5-builds.com\\\/produkt\\\/sticker-passenger-princess#primaryimage\",\"url\":\"https:\\\/\\\/i0.wp.com\\\/b5-builds.com\\\/wp-content\\\/uploads\\\/2023\\\/10\\\/passengerprincess-1-scaled.jpg?fit=2560%2C1707&ssl=1\",\"contentUrl\":\"https:\\\/\\\/i0.wp.com\\\/b5-builds.com\\\/wp-content\\\/uploads\\\/2023\\\/10\\\/passengerprincess-1-scaled.jpg?fit=2560%2C1707&ssl=1\",\"width\":2560,\"height\":1707,\"caption\":\"Autosticker - Passenger Princess, Autoaufkleber\"},{\"@type\":\"BreadcrumbList\",\"@id\":\"https:\\\/\\\/b5-builds.com\\\/produkt\\\/sticker-passenger-princess#breadcrumb\",\"itemListElement\":[{\"@type\":\"ListItem\",\"position\":1,\"name\":\"Startseite\",\"item\":\"https:\\\/\\\/b5-builds.com\\\/\"},{\"@type\":\"ListItem\",\"position\":2,\"name\":\"Shop\",\"item\":\"https:\\\/\\\/b5-builds.com\\\/shop\"},{\"@type\":\"ListItem\",\"position\":3,\"name\":\"Sticker &#8211; passenger princess\"}]},{\"@type\":\"WebSite\",\"@id\":\"https:\\\/\\\/b5-builds.com\\\/#website\",\"url\":\"https:\\\/\\\/b5-builds.com\\\/\",\"name\":\"B5_Builds\",\"description\":\"Handmade Sticker und hochwertige Lufterfrischer f\u00fcr dein Auto.\",\"publisher\":{\"@id\":\"https:\\\/\\\/b5-builds.com\\\/#organization\"},\"potentialAction\":[{\"@type\":\"SearchAction\",\"target\":{\"@type\":\"EntryPoint\",\"urlTemplate\":\"https:\\\/\\\/b5-builds.com\\\/?s={search_term_string}\"},\"query-input\":{\"@type\":\"PropertyValueSpecification\",\"valueRequired\":true,\"valueName\":\"search_term_string\"}}],\"inLanguage\":\"en-US\"},{\"@type\":\"Organization\",\"@id\":\"https:\\\/\\\/b5-builds.com\\\/#organization\",\"name\":\"B5_Builds\",\"url\":\"https:\\\/\\\/b5-builds.com\\\/\",\"logo\":{\"@type\":\"ImageObject\",\"inLanguage\":\"en-US\",\"@id\":\"https:\\\/\\\/b5-builds.com\\\/#\\\/schema\\\/logo\\\/image\\\/\",\"url\":\"https:\\\/\\\/i0.wp.com\\\/b5-builds.com\\\/wp-content\\\/uploads\\\/2021\\\/06\\\/Unbenannt-1.png?fit=350%2C100&ssl=1\",\"contentUrl\":\"https:\\\/\\\/i0.wp.com\\\/b5-builds.com\\\/wp-content\\\/uploads\\\/2021\\\/06\\\/Unbenannt-1.png?fit=350%2C100&ssl=1\",\"width\":350,\"height\":100,\"caption\":\"B5_Builds\"},\"image\":{\"@id\":\"https:\\\/\\\/b5-builds.com\\\/#\\\/schema\\\/logo\\\/image\\\/\"},\"sameAs\":[\"https:\\\/\\\/www.instagram.com\\\/b5_builds?igshid=OGQ5ZDc2ODk2ZA\",\"https:\\\/\\\/youtube.com\\\/@b5_builds376?si=su2EkM16Ojcn-Uq5\"]}]}<\/script>\n<!-- \/ Yoast SEO plugin. -->","yoast_head_json":{"title":"Autosticker - passenger princess - Sticker - passenger princess - B5_Builds","description":"Autosticker - passenger princess, in verschiedenen Gr\u00f6\u00dfen erh\u00e4ltlich. Wir verwenden hochqualitative Folie und erstellen jeden Sticker mit viel Liebe.","robots":{"index":"index","follow":"follow","max-snippet":"max-snippet:-1","max-image-preview":"max-image-preview:large","max-video-preview":"max-video-preview:-1"},"canonical":"https:\/\/b5-builds.com\/en\/product\/sticker-passenger-princess\/","og_locale":"en_US","og_type":"article","og_title":"Autosticker - passenger princess - Sticker - passenger princess - B5_Builds","og_description":"Autosticker - passenger princess, in verschiedenen Gr\u00f6\u00dfen erh\u00e4ltlich. Wir verwenden hochqualitative Folie und erstellen jeden Sticker mit viel Liebe.","og_url":"https:\/\/b5-builds.com\/en\/product\/sticker-passenger-princess\/","og_site_name":"B5_Builds","article_modified_time":"2026-04-29T18:48:54+00:00","og_image":[{"width":2560,"height":1707,"url":"https:\/\/b5-builds.com\/wp-content\/uploads\/2023\/10\/passengerprincess-1-scaled.jpg","type":"image\/jpeg"}],"twitter_card":"summary_large_image","twitter_misc":{"Est. reading time":"2 minutes"},"schema":{"@context":"https:\/\/schema.org","@graph":[{"@type":"WebPage","@id":"https:\/\/b5-builds.com\/produkt\/sticker-passenger-princess","url":"https:\/\/b5-builds.com\/produkt\/sticker-passenger-princess","name":"Autosticker - passenger princess - Sticker - passenger princess - B5_Builds","isPartOf":{"@id":"https:\/\/b5-builds.com\/#website"},"primaryImageOfPage":{"@id":"https:\/\/b5-builds.com\/produkt\/sticker-passenger-princess#primaryimage"},"image":{"@id":"https:\/\/b5-builds.com\/produkt\/sticker-passenger-princess#primaryimage"},"thumbnailUrl":"https:\/\/i0.wp.com\/b5-builds.com\/wp-content\/uploads\/2023\/10\/passengerprincess-1-scaled.jpg?fit=2560%2C1707&ssl=1","datePublished":"2023-10-09T08:56:49+00:00","dateModified":"2026-04-29T18:48:54+00:00","description":"Autosticker - passenger princess, in verschiedenen Gr\u00f6\u00dfen erh\u00e4ltlich. Wir verwenden hochqualitative Folie und erstellen jeden Sticker mit viel Liebe.","breadcrumb":{"@id":"https:\/\/b5-builds.com\/produkt\/sticker-passenger-princess#breadcrumb"},"inLanguage":"en-US","potentialAction":[{"@type":"ReadAction","target":["https:\/\/b5-builds.com\/produkt\/sticker-passenger-princess"]}]},{"@type":"ImageObject","inLanguage":"en-US","@id":"https:\/\/b5-builds.com\/produkt\/sticker-passenger-princess#primaryimage","url":"https:\/\/i0.wp.com\/b5-builds.com\/wp-content\/uploads\/2023\/10\/passengerprincess-1-scaled.jpg?fit=2560%2C1707&ssl=1","contentUrl":"https:\/\/i0.wp.com\/b5-builds.com\/wp-content\/uploads\/2023\/10\/passengerprincess-1-scaled.jpg?fit=2560%2C1707&ssl=1","width":2560,"height":1707,"caption":"Autosticker - Passenger Princess, Autoaufkleber"},{"@type":"BreadcrumbList","@id":"https:\/\/b5-builds.com\/produkt\/sticker-passenger-princess#breadcrumb","itemListElement":[{"@type":"ListItem","position":1,"name":"Startseite","item":"https:\/\/b5-builds.com\/"},{"@type":"ListItem","position":2,"name":"Shop","item":"https:\/\/b5-builds.com\/shop"},{"@type":"ListItem","position":3,"name":"Sticker &#8211; passenger princess"}]},{"@type":"WebSite","@id":"https:\/\/b5-builds.com\/#website","url":"https:\/\/b5-builds.com\/","name":"B5_Builds","description":"Handmade Sticker and Air Freshener for your car.","publisher":{"@id":"https:\/\/b5-builds.com\/#organization"},"potentialAction":[{"@type":"SearchAction","target":{"@type":"EntryPoint","urlTemplate":"https:\/\/b5-builds.com\/?s={search_term_string}"},"query-input":{"@type":"PropertyValueSpecification","valueRequired":true,"valueName":"search_term_string"}}],"inLanguage":"en-US"},{"@type":"Organization","@id":"https:\/\/b5-builds.com\/#organization","name":"B5_Builds","url":"https:\/\/b5-builds.com\/","logo":{"@type":"ImageObject","inLanguage":"en-US","@id":"https:\/\/b5-builds.com\/#\/schema\/logo\/image\/","url":"https:\/\/i0.wp.com\/b5-builds.com\/wp-content\/uploads\/2021\/06\/Unbenannt-1.png?fit=350%2C100&ssl=1","contentUrl":"https:\/\/i0.wp.com\/b5-builds.com\/wp-content\/uploads\/2021\/06\/Unbenannt-1.png?fit=350%2C100&ssl=1","width":350,"height":100,"caption":"B5_Builds"},"image":{"@id":"https:\/\/b5-builds.com\/#\/schema\/logo\/image\/"},"sameAs":["https:\/\/www.instagram.com\/b5_builds?igshid=OGQ5ZDc2ODk2ZA","https:\/\/youtube.com\/@b5_builds376?si=su2EkM16Ojcn-Uq5"]}]}},"_links":{"self":[{"href":"https:\/\/b5-builds.com\/en\/wp-json\/wp\/v2\/product\/3119","targetHints":{"allow":["GET"]}}],"collection":[{"href":"https:\/\/b5-builds.com\/en\/wp-json\/wp\/v2\/product"}],"about":[{"href":"https:\/\/b5-builds.com\/en\/wp-json\/wp\/v2\/types\/product"}],"replies":[{"embeddable":true,"href":"https:\/\/b5-builds.com\/en\/wp-json\/wp\/v2\/comments?post=3119"}],"wp:featuredmedia":[{"embeddable":true,"href":"https:\/\/b5-builds.com\/en\/wp-json\/wp\/v2\/media\/3152"}],"wp:attachment":[{"href":"https:\/\/b5-builds.com\/en\/wp-json\/wp\/v2\/media?parent=3119"}],"wp:term":[{"taxonomy":"product_brand","embeddable":true,"href":"https:\/\/b5-builds.com\/en\/wp-json\/wp\/v2\/product_brand?post=3119"},{"taxonomy":"product_cat","embeddable":true,"href":"https:\/\/b5-builds.com\/en\/wp-json\/wp\/v2\/product_cat?post=3119"},{"taxonomy":"product_tag","embeddable":true,"href":"https:\/\/b5-builds.com\/en\/wp-json\/wp\/v2\/product_tag?post=3119"}],"curies":[{"name":"wp","href":"https:\/\/api.w.org\/{rel}","templated":true}]}}