{"id":1415,"date":"2022-02-10T18:00:59","date_gmt":"2022-02-10T18:00:59","guid":{"rendered":"https:\/\/b5-builds.com\/?post_type=product&#038;p=1415"},"modified":"2024-06-03T19:55:44","modified_gmt":"2024-06-03T19:55:44","slug":"air-freshener-rs4-limo","status":"publish","type":"product","link":"https:\/\/b5-builds.com\/en\/product\/air-freshener-rs4-limo","title":{"rendered":"Air Freshener &#8211; rs4 limo (Kirsche)"},"content":{"rendered":"<p>&nbsp;<\/p>\n<p><strong>Air Freshener &#8211; rs4 limo (Kirsche)<\/strong><\/p>\n<p>Willkommen zur bezaubernden Welt der Duftb\u00e4ume!<br \/>\nUnser Duftbaum mit Kirschgeruch und einem einzigartigen Design, ist die beste Erg\u00e4nzung zu deinem Fahrzeug!<br \/>\nDas sch\u00f6ne Audi-Motiv verbindet die Liebe zum Fahrzeug mit dem Reiz eines schon fast klassischen Fahrzeugs.<br \/>\nAus jeder Perspektive ein richtiger Hingucker!<\/p>\n<p>Die Anwendung des Duftbaums ist denkbar einfach. Einfach die Verpackung \u00f6ffnen und den Duftbaum an einem geeigneten Ort im Auto aufh\u00e4ngen.<\/p>\n<p>Unsere Duftb\u00e4ume sind auch ideale Geschenke f\u00fcr Autoliebhaber, Romantiker und alle, die ihre Autofahrten zu einem wahrhaft sinnlichen Erlebnis machen m\u00f6chten. Verschenkt dieses duftende Geschenk, um euren Lieben eine besondere Freude zu bereiten.<\/p>\n<p>Der <strong>Air Freshener &#8211; rs4 limo<\/strong> ist auch perfekt als Geschenk f\u00fcr einen Freund oder eine Freundin geeignet.<\/p>\n<p><strong>Besonderheiten<\/strong><\/p>\n<p>\u2013 langanhaltender Duft<\/p>\n<p>&#8211;\u00a0 einzigartiges Design<\/p>\n<p>\u2013 eignet sich ideal als Geschenk f\u00fcr alle Auto-Enthusiasten<\/p>\n<p>\u2013 Hergestellt von einem kleinem Unternehmen mit Liebe und Leidenschaft f\u00fcr Autos<\/p>\n<p><strong>Versand:<\/strong><\/p>\n<p>Die von dir bestellten Produkte werden frisch verpackt und innerhalb von nur 24 Stunden versendet. Unsere durchschnittliche Lieferzeit betr\u00e4gt in der Regel ca. 2-4 Werktage.<\/p>\n<p><strong>Kundenservice:<\/strong><\/p>\n<p>F\u00fcr den Fall, dass es Probleme mit deiner Lieferung gibt, stehen wir dir gerne zur Verf\u00fcgung. Kontaktiere uns und wir werden uns unverz\u00fcglich darum k\u00fcmmern, das Problem so schnell wie m\u00f6glich zu l\u00f6sen.<\/p>\n<p><strong>Eigene Ideen?<\/strong><\/p>\n<p>Wenn du eigene kreative Ideen hast, m\u00f6chten wir diese gerne in ein individuelles Auto-Sticker-Design verwandeln! Schreib uns dazu einfach eine E-Mail an:\u00a0<a href=\"mailto:shop@b5-builds.com\" target=\"_new\" rel=\"noopener\">shop@b5-builds.com<\/a>\u00a0oder sende uns eine Direktnachricht auf Instagram an: @b5_Builds oder @b5_Builds_shop.<\/p>\n<p><strong>Weitere Produkte<\/strong> von uns findest du hier:\u00a0 <a href=\"https:\/\/www.instagram.com\/b5_builds_shop?igshid=OGQ5ZDc2ODk2ZA==\">https:\/\/www.instagram.com\/b5_builds_shop?igshid=OGQ5ZDc2ODk2ZA==<\/a>\u00a0\u00a0<a href=\"https:\/\/b5-builds.com\/en\/shop\/\">https:\/\/b5-builds.com\/shop <\/a><\/p>","protected":false},"excerpt":{"rendered":"<p>Scent: cherry<\/p>","protected":false},"featured_media":2963,"comment_status":"open","ping_status":"closed","template":"","meta":[],"product_brand":[],"product_cat":[38],"product_tag":[77,34,78,62,63,66],"class_list":{"0":"post-1415","1":"product","2":"type-product","3":"status-publish","4":"has-post-thumbnail","6":"product_cat-air-freshener","7":"product_tag-airfreshener","8":"product_tag-duftbaum","9":"product_tag-duftbaum-kirche","10":"product_tag-geschenk-fuer-autoliebhaber","11":"product_tag-geschenk-fuer-freund","12":"product_tag-geschenk-fuer-freundin","14":"first","15":"instock","16":"shipping-taxable","17":"purchasable","18":"product-type-simple"},"yoast_head":"<!-- This site is optimized with the Yoast SEO plugin v27.5 - https:\/\/yoast.com\/product\/yoast-seo-wordpress\/ -->\n<title>Air Freshener - rs4 limo - B5_Builds<\/title>\n<meta name=\"description\" content=\"Air Freshener - rs4 limo, Duftbaum mit langanhaltendem Duft und einzigartigem Design, schneller Versand, B5_Builds, JETZT BESTELLEN\" \/>\n<meta name=\"robots\" content=\"index, follow, max-snippet:-1, max-image-preview:large, max-video-preview:-1\" \/>\n<link rel=\"canonical\" href=\"https:\/\/b5-builds.com\/en\/product\/air-freshener-rs4-limo\/\" \/>\n<meta property=\"og:locale\" content=\"en_US\" \/>\n<meta property=\"og:type\" content=\"article\" \/>\n<meta property=\"og:title\" content=\"Air Freshener - rs4 limo - B5_Builds\" \/>\n<meta property=\"og:description\" content=\"Air Freshener - rs4 limo, Duftbaum mit langanhaltendem Duft und einzigartigem Design, schneller Versand, B5_Builds, JETZT BESTELLEN\" \/>\n<meta property=\"og:url\" content=\"https:\/\/b5-builds.com\/en\/product\/air-freshener-rs4-limo\/\" \/>\n<meta property=\"og:site_name\" content=\"B5_Builds\" \/>\n<meta property=\"article:modified_time\" content=\"2024-06-03T19:55:44+00:00\" \/>\n<meta property=\"og:image\" content=\"https:\/\/b5-builds.com\/wp-content\/uploads\/2022\/02\/IMG_7416-scaled.jpg\" \/>\n\t<meta property=\"og:image:width\" content=\"2560\" \/>\n\t<meta property=\"og:image:height\" content=\"1707\" \/>\n\t<meta property=\"og:image:type\" content=\"image\/jpeg\" \/>\n<meta name=\"twitter:card\" content=\"summary_large_image\" \/>\n<meta name=\"twitter:label1\" content=\"Est. reading time\" \/>\n\t<meta name=\"twitter:data1\" content=\"2 minutes\" \/>\n<script type=\"application\/ld+json\" class=\"yoast-schema-graph\">{\"@context\":\"https:\\\/\\\/schema.org\",\"@graph\":[{\"@type\":\"WebPage\",\"@id\":\"https:\\\/\\\/b5-builds.com\\\/produkt\\\/air-freshener-rs4-limo\",\"url\":\"https:\\\/\\\/b5-builds.com\\\/produkt\\\/air-freshener-rs4-limo\",\"name\":\"Air Freshener - rs4 limo - B5_Builds\",\"isPartOf\":{\"@id\":\"https:\\\/\\\/b5-builds.com\\\/#website\"},\"primaryImageOfPage\":{\"@id\":\"https:\\\/\\\/b5-builds.com\\\/produkt\\\/air-freshener-rs4-limo#primaryimage\"},\"image\":{\"@id\":\"https:\\\/\\\/b5-builds.com\\\/produkt\\\/air-freshener-rs4-limo#primaryimage\"},\"thumbnailUrl\":\"https:\\\/\\\/i0.wp.com\\\/b5-builds.com\\\/wp-content\\\/uploads\\\/2022\\\/02\\\/IMG_7416-scaled.jpg?fit=2560%2C1707&ssl=1\",\"datePublished\":\"2022-02-10T18:00:59+00:00\",\"dateModified\":\"2024-06-03T19:55:44+00:00\",\"description\":\"Air Freshener - rs4 limo, Duftbaum mit langanhaltendem Duft und einzigartigem Design, schneller Versand, B5_Builds, JETZT BESTELLEN\",\"breadcrumb\":{\"@id\":\"https:\\\/\\\/b5-builds.com\\\/produkt\\\/air-freshener-rs4-limo#breadcrumb\"},\"inLanguage\":\"en-US\",\"potentialAction\":[{\"@type\":\"ReadAction\",\"target\":[\"https:\\\/\\\/b5-builds.com\\\/produkt\\\/air-freshener-rs4-limo\"]}]},{\"@type\":\"ImageObject\",\"inLanguage\":\"en-US\",\"@id\":\"https:\\\/\\\/b5-builds.com\\\/produkt\\\/air-freshener-rs4-limo#primaryimage\",\"url\":\"https:\\\/\\\/i0.wp.com\\\/b5-builds.com\\\/wp-content\\\/uploads\\\/2022\\\/02\\\/IMG_7416-scaled.jpg?fit=2560%2C1707&ssl=1\",\"contentUrl\":\"https:\\\/\\\/i0.wp.com\\\/b5-builds.com\\\/wp-content\\\/uploads\\\/2022\\\/02\\\/IMG_7416-scaled.jpg?fit=2560%2C1707&ssl=1\",\"width\":2560,\"height\":1707,\"caption\":\"Air Freshener - rs4 limo von B5_Builds\"},{\"@type\":\"BreadcrumbList\",\"@id\":\"https:\\\/\\\/b5-builds.com\\\/produkt\\\/air-freshener-rs4-limo#breadcrumb\",\"itemListElement\":[{\"@type\":\"ListItem\",\"position\":1,\"name\":\"Startseite\",\"item\":\"https:\\\/\\\/b5-builds.com\\\/\"},{\"@type\":\"ListItem\",\"position\":2,\"name\":\"Shop\",\"item\":\"https:\\\/\\\/b5-builds.com\\\/shop\"},{\"@type\":\"ListItem\",\"position\":3,\"name\":\"Air Freshener &#8211; rs4 limo (Kirsche)\"}]},{\"@type\":\"WebSite\",\"@id\":\"https:\\\/\\\/b5-builds.com\\\/#website\",\"url\":\"https:\\\/\\\/b5-builds.com\\\/\",\"name\":\"B5_Builds\",\"description\":\"Handmade Sticker und hochwertige Lufterfrischer f\u00fcr dein Auto.\",\"publisher\":{\"@id\":\"https:\\\/\\\/b5-builds.com\\\/#organization\"},\"potentialAction\":[{\"@type\":\"SearchAction\",\"target\":{\"@type\":\"EntryPoint\",\"urlTemplate\":\"https:\\\/\\\/b5-builds.com\\\/?s={search_term_string}\"},\"query-input\":{\"@type\":\"PropertyValueSpecification\",\"valueRequired\":true,\"valueName\":\"search_term_string\"}}],\"inLanguage\":\"en-US\"},{\"@type\":\"Organization\",\"@id\":\"https:\\\/\\\/b5-builds.com\\\/#organization\",\"name\":\"B5_Builds\",\"url\":\"https:\\\/\\\/b5-builds.com\\\/\",\"logo\":{\"@type\":\"ImageObject\",\"inLanguage\":\"en-US\",\"@id\":\"https:\\\/\\\/b5-builds.com\\\/#\\\/schema\\\/logo\\\/image\\\/\",\"url\":\"https:\\\/\\\/i0.wp.com\\\/b5-builds.com\\\/wp-content\\\/uploads\\\/2021\\\/06\\\/Unbenannt-1.png?fit=350%2C100&ssl=1\",\"contentUrl\":\"https:\\\/\\\/i0.wp.com\\\/b5-builds.com\\\/wp-content\\\/uploads\\\/2021\\\/06\\\/Unbenannt-1.png?fit=350%2C100&ssl=1\",\"width\":350,\"height\":100,\"caption\":\"B5_Builds\"},\"image\":{\"@id\":\"https:\\\/\\\/b5-builds.com\\\/#\\\/schema\\\/logo\\\/image\\\/\"},\"sameAs\":[\"https:\\\/\\\/www.instagram.com\\\/b5_builds?igshid=OGQ5ZDc2ODk2ZA\",\"https:\\\/\\\/youtube.com\\\/@b5_builds376?si=su2EkM16Ojcn-Uq5\"]}]}<\/script>\n<!-- \/ Yoast SEO plugin. -->","yoast_head_json":{"title":"Air Freshener - rs4 limo - B5_Builds","description":"Air Freshener - rs4 limo, Duftbaum mit langanhaltendem Duft und einzigartigem Design, schneller Versand, B5_Builds, JETZT BESTELLEN","robots":{"index":"index","follow":"follow","max-snippet":"max-snippet:-1","max-image-preview":"max-image-preview:large","max-video-preview":"max-video-preview:-1"},"canonical":"https:\/\/b5-builds.com\/en\/product\/air-freshener-rs4-limo\/","og_locale":"en_US","og_type":"article","og_title":"Air Freshener - rs4 limo - B5_Builds","og_description":"Air Freshener - rs4 limo, Duftbaum mit langanhaltendem Duft und einzigartigem Design, schneller Versand, B5_Builds, JETZT BESTELLEN","og_url":"https:\/\/b5-builds.com\/en\/product\/air-freshener-rs4-limo\/","og_site_name":"B5_Builds","article_modified_time":"2024-06-03T19:55:44+00:00","og_image":[{"width":2560,"height":1707,"url":"https:\/\/b5-builds.com\/wp-content\/uploads\/2022\/02\/IMG_7416-scaled.jpg","type":"image\/jpeg"}],"twitter_card":"summary_large_image","twitter_misc":{"Est. reading time":"2 minutes"},"schema":{"@context":"https:\/\/schema.org","@graph":[{"@type":"WebPage","@id":"https:\/\/b5-builds.com\/produkt\/air-freshener-rs4-limo","url":"https:\/\/b5-builds.com\/produkt\/air-freshener-rs4-limo","name":"Air Freshener - rs4 limo - B5_Builds","isPartOf":{"@id":"https:\/\/b5-builds.com\/#website"},"primaryImageOfPage":{"@id":"https:\/\/b5-builds.com\/produkt\/air-freshener-rs4-limo#primaryimage"},"image":{"@id":"https:\/\/b5-builds.com\/produkt\/air-freshener-rs4-limo#primaryimage"},"thumbnailUrl":"https:\/\/i0.wp.com\/b5-builds.com\/wp-content\/uploads\/2022\/02\/IMG_7416-scaled.jpg?fit=2560%2C1707&ssl=1","datePublished":"2022-02-10T18:00:59+00:00","dateModified":"2024-06-03T19:55:44+00:00","description":"Air Freshener - rs4 limo, Duftbaum mit langanhaltendem Duft und einzigartigem Design, schneller Versand, B5_Builds, JETZT BESTELLEN","breadcrumb":{"@id":"https:\/\/b5-builds.com\/produkt\/air-freshener-rs4-limo#breadcrumb"},"inLanguage":"en-US","potentialAction":[{"@type":"ReadAction","target":["https:\/\/b5-builds.com\/produkt\/air-freshener-rs4-limo"]}]},{"@type":"ImageObject","inLanguage":"en-US","@id":"https:\/\/b5-builds.com\/produkt\/air-freshener-rs4-limo#primaryimage","url":"https:\/\/i0.wp.com\/b5-builds.com\/wp-content\/uploads\/2022\/02\/IMG_7416-scaled.jpg?fit=2560%2C1707&ssl=1","contentUrl":"https:\/\/i0.wp.com\/b5-builds.com\/wp-content\/uploads\/2022\/02\/IMG_7416-scaled.jpg?fit=2560%2C1707&ssl=1","width":2560,"height":1707,"caption":"Air Freshener - rs4 limo von B5_Builds"},{"@type":"BreadcrumbList","@id":"https:\/\/b5-builds.com\/produkt\/air-freshener-rs4-limo#breadcrumb","itemListElement":[{"@type":"ListItem","position":1,"name":"Startseite","item":"https:\/\/b5-builds.com\/"},{"@type":"ListItem","position":2,"name":"Shop","item":"https:\/\/b5-builds.com\/shop"},{"@type":"ListItem","position":3,"name":"Air Freshener &#8211; rs4 limo (Kirsche)"}]},{"@type":"WebSite","@id":"https:\/\/b5-builds.com\/#website","url":"https:\/\/b5-builds.com\/","name":"B5_Builds","description":"Handmade Sticker and Air Freshener for your car.","publisher":{"@id":"https:\/\/b5-builds.com\/#organization"},"potentialAction":[{"@type":"SearchAction","target":{"@type":"EntryPoint","urlTemplate":"https:\/\/b5-builds.com\/?s={search_term_string}"},"query-input":{"@type":"PropertyValueSpecification","valueRequired":true,"valueName":"search_term_string"}}],"inLanguage":"en-US"},{"@type":"Organization","@id":"https:\/\/b5-builds.com\/#organization","name":"B5_Builds","url":"https:\/\/b5-builds.com\/","logo":{"@type":"ImageObject","inLanguage":"en-US","@id":"https:\/\/b5-builds.com\/#\/schema\/logo\/image\/","url":"https:\/\/i0.wp.com\/b5-builds.com\/wp-content\/uploads\/2021\/06\/Unbenannt-1.png?fit=350%2C100&ssl=1","contentUrl":"https:\/\/i0.wp.com\/b5-builds.com\/wp-content\/uploads\/2021\/06\/Unbenannt-1.png?fit=350%2C100&ssl=1","width":350,"height":100,"caption":"B5_Builds"},"image":{"@id":"https:\/\/b5-builds.com\/#\/schema\/logo\/image\/"},"sameAs":["https:\/\/www.instagram.com\/b5_builds?igshid=OGQ5ZDc2ODk2ZA","https:\/\/youtube.com\/@b5_builds376?si=su2EkM16Ojcn-Uq5"]}]}},"_links":{"self":[{"href":"https:\/\/b5-builds.com\/en\/wp-json\/wp\/v2\/product\/1415","targetHints":{"allow":["GET"]}}],"collection":[{"href":"https:\/\/b5-builds.com\/en\/wp-json\/wp\/v2\/product"}],"about":[{"href":"https:\/\/b5-builds.com\/en\/wp-json\/wp\/v2\/types\/product"}],"replies":[{"embeddable":true,"href":"https:\/\/b5-builds.com\/en\/wp-json\/wp\/v2\/comments?post=1415"}],"wp:featuredmedia":[{"embeddable":true,"href":"https:\/\/b5-builds.com\/en\/wp-json\/wp\/v2\/media\/2963"}],"wp:attachment":[{"href":"https:\/\/b5-builds.com\/en\/wp-json\/wp\/v2\/media?parent=1415"}],"wp:term":[{"taxonomy":"product_brand","embeddable":true,"href":"https:\/\/b5-builds.com\/en\/wp-json\/wp\/v2\/product_brand?post=1415"},{"taxonomy":"product_cat","embeddable":true,"href":"https:\/\/b5-builds.com\/en\/wp-json\/wp\/v2\/product_cat?post=1415"},{"taxonomy":"product_tag","embeddable":true,"href":"https:\/\/b5-builds.com\/en\/wp-json\/wp\/v2\/product_tag?post=1415"}],"curies":[{"name":"wp","href":"https:\/\/api.w.org\/{rel}","templated":true}]}}