{"id":12,"date":"2021-06-30T18:44:10","date_gmt":"2021-06-30T18:44:10","guid":{"rendered":"http:\/\/b5-builds.com\/?page_id=12"},"modified":"2021-07-11T17:09:33","modified_gmt":"2021-07-11T17:09:33","slug":"datenschutz","status":"publish","type":"page","link":"https:\/\/b5-builds.com\/en\/datenschutz","title":{"rendered":"Privacy Policy"},"content":{"rendered":"<div data-elementor-type=\"wp-page\" data-elementor-id=\"12\" class=\"elementor elementor-12\">\n\t\t\t\t\t\t<section class=\"elementor-section elementor-top-section elementor-element elementor-element-1d6150e elementor-section-full_width elementor-section-stretched elementor-section-height-default elementor-section-height-default\" data-id=\"1d6150e\" data-element_type=\"section\" data-e-type=\"section\" data-settings=\"{&quot;stretch_section&quot;:&quot;section-stretched&quot;}\">\n\t\t\t\t\t\t<div class=\"elementor-container elementor-column-gap-default\">\n\t\t\t\t\t<div class=\"elementor-column elementor-col-100 elementor-top-column elementor-element elementor-element-a847bbc\" data-id=\"a847bbc\" data-element_type=\"column\" data-e-type=\"column\">\n\t\t\t<div class=\"elementor-widget-wrap\">\n\t\t\t\t\t\t\t<\/div>\n\t\t<\/div>\n\t\t\t\t\t<\/div>\n\t\t<\/section>\n\t\t\t\t<section class=\"elementor-section elementor-top-section elementor-element elementor-element-6e974a1 elementor-section-stretched elementor-section-boxed elementor-section-height-default elementor-section-height-default\" data-id=\"6e974a1\" data-element_type=\"section\" data-e-type=\"section\" data-settings=\"{&quot;stretch_section&quot;:&quot;section-stretched&quot;}\">\n\t\t\t\t\t\t<div class=\"elementor-container elementor-column-gap-default\">\n\t\t\t\t\t<div class=\"elementor-column elementor-col-100 elementor-top-column elementor-element elementor-element-d8bee87\" data-id=\"d8bee87\" data-element_type=\"column\" data-e-type=\"column\">\n\t\t\t<div class=\"elementor-widget-wrap elementor-element-populated\">\n\t\t\t\t\t\t<div class=\"elementor-element elementor-element-22379b2 elementor-widget elementor-widget-text-editor\" data-id=\"22379b2\" data-element_type=\"widget\" data-e-type=\"widget\" data-widget_type=\"text-editor.default\">\n\t\t\t\t<div class=\"elementor-widget-container\">\n\t\t\t\t\t\t\t\t\t<div class=\"elementor-element elementor-element-acf5d04 elementor-widget elementor-widget-heading\" data-id=\"acf5d04\" data-element_type=\"widget\" data-widget_type=\"heading.default\"><div class=\"elementor-widget-container\"><div class=\"elementor-element elementor-element-7bb5fe5 elementor-widget elementor-widget-text-editor\" data-id=\"7bb5fe5\" data-element_type=\"widget\" data-widget_type=\"text-editor.default\"><div class=\"elementor-widget-container\"><div class=\"elementor-text-editor elementor-clearfix\"><p>Die Nutzung unserer Webseite ist in der Regel ohne Angabe personenbezogener Daten m\u00f6glich. Soweit auf unseren Seiten personenbezogene Daten (beispielsweise Name, Anschrift oder eMail-Adressen) erhoben werden, erfolgt dies auf freiwilliger Basis. Diese Daten werden ohne Ihre ausdr\u00fcckliche Zustimmung nicht an Dritte weitergegeben.<br \/>Wir weisen darauf hin, dass die Daten\u00fcbertragung im Internet (z.B. bei der Kommunikation per E-Mail) Sicherheitsl\u00fccken aufweisen kann. Ein l\u00fcckenloser Schutz der Daten vor dem Zugriff durch Dritte ist nicht m\u00f6glich.<br \/>Der Nutzung von im Rahmen der Impressumspflicht ver\u00f6ffentlichten Kontaktdaten durch Dritte zur \u00dcbersendung von nicht ausdr\u00fccklich angeforderter Werbung und Informationsmaterialien wird hiermit ausdr\u00fccklich widersprochen.<\/p><p><b>Google Analytics<br \/><\/b>Diese Website benutzt Google Analytics, einen Webanalysedienst der Google Inc. (\u201cGoogle\u201c). Google Analytics verwendet sog. \u201cCookies\u201c, Textdateien, die auf Ihrem Computer gespeichert werden und die eine Analyse der Benutzung der Website durch Sie erm\u00f6glicht. Die durch den Cookie erzeugten Informationen \u00fcber Ihre Benutzung dieser Website (einschlie\u00dflich Ihrer IP-Adresse) wird an einen Server von Google in den USA \u00fcbertragen und dort gespeichert. Google wird diese Informationen benutzen, um Ihre Nutzung der Website auszuwerten, um Reports \u00fcber die Websiteaktivit\u00e4ten f\u00fcr die Websitebetreiber zusammenzustellen und um weitere mit der Websitenutzung und der Internetnutzung verbundene Dienstleistungen zu erbringen. Auch wird Google diese Informationen gegebenenfalls an Dritte \u00fcbertragen, sofern dies gesetzlich vorgeschrieben oder soweit Dritte diese Daten im Auftrag von Google verarbeiten. Google wird in keinem Fall Ihre IP-Adresse mit anderen Daten der Google in Verbindung bringen. Sie k\u00f6nnen die Installation der Cookies durch eine entsprechende Einstellung Ihrer Browser Software verhindern; wir weisen Sie jedoch darauf hin, dass Sie in diesem Fall gegebenenfalls nicht s\u00e4mtliche Funktionen dieser Website voll umf\u00e4nglich nutzen k\u00f6nnen. Durch die Nutzung dieser Website erkl\u00e4ren Sie sich mit der Bearbeitung der \u00fcber Sie erhobenen Daten durch Google in der zuvor beschriebenen Art und Weise und zu dem zuvor benannten Zweck einverstanden.<\/p><\/div><\/div><\/div><div class=\"elementor-element elementor-element-aaef5a0 elementor-widget elementor-widget-text-editor\" data-id=\"aaef5a0\" data-element_type=\"widget\" data-widget_type=\"text-editor.default\"><div class=\"elementor-widget-container\"><div class=\"elementor-text-editor elementor-clearfix\"><div class=\"cli_pg_page_contaner\"><h2><b>\u00dcber Cookies<\/b><\/h2><p><b>Was sind Cookies?<br \/><\/b>Cookies sind kleine Textdateien, die das Internet funktionst\u00fcchtig machen. Wenn ein Nutzer im Internet unterwegs ist und eine Webseite aufruft, wird das Cookie zusammen mit der angefragten Webseite an den Browser gesendet \u2013 meist vom Betreiber der Webseite. Der Browser ist ein Zugangsprogramm f\u00fcr den heimischen Rechner, mit dem sich das World Wide Web nutzen l\u00e4sst. Bekannte Browser sind zum Beispiel der Mozilla Firefox oder der Internet Explorer.<\/p><div>\u00a0<\/div><div><b>Was k\u00f6nnen Cookies?<\/b><\/div><div>Cookies machen es zum Beispiel m\u00f6glich, dass man beim Onlineeinkauf seinen Warenkorb best\u00fccken kann, ohne dass man sich auf jeder Unterseite eines H\u00e4ndlers neu als ein und derselbe Kunde zu erkennen geben muss. Das gleiche gilt f\u00fcr das Onlinebanking: Auch hier wird der Nutzer mit Hilfe von Cookies \u201ewiedererkannt\u201c. Cookies k\u00f6nnen au\u00dferdem abspeichern, in welcher Schriftgr\u00f6\u00dfe oder Sprache eine Webseite erscheinen soll. Mit Hilfe mancher Cookies ist es allerdings auch m\u00f6glich, das Surfverhalten des Internetnutzers nachzuvollziehen, also zu analysieren, welche Webseiten er besucht hat.<\/div><div>\u00a0<\/div><div><b>Wie funktionieren Cookies?<\/b><\/div><div>Beim Besuch einer Webseite wird das Cookie im Browser abgelegt. Besucht der Nutzer dieselbe Webseite sp\u00e4ter wieder, dann sendet der Browser die kleine Textdatei zur\u00fcck an die Webseite. Diese kann die im Cookie gespeicherten Werte erkennen und wei\u00df dann zum Beispiel, dass immer noch eine Hose, ein Hemd und ein G\u00fcrtel im Warenkorb liegen. Mit Hilfe von Cookies kann also im weitesten Sinne ein Nutzer wiedererkannt werden \u2013 zwar nicht konkret als Tim M\u00fcller oder Susanne Meier, aber als derjenige, in dessen Browser das fragliche Cookie abgelegt wurde.<\/div><div>\u00a0<\/div><div><b>Wer setzt Cookies?<\/b><\/div><div>Cookies werden von den Anbietern der Webseiten gesetzt \u2013 aber auch von Dritten, zum Beispiel von Werbefirmen. Diese setzen mit Vorliebe sogenannte Tracking Cookies, auf Deutsch etwa \u201eVerfolgungs-Cookies\u201c, die oft \u00fcber Jahre hinweg im Browser verbleiben und dazu dienen, einem Nutzer die verschiedenen besuchten Webseiten zuzuordnen. Werbefirmen k\u00f6nnen aus diesen Informationen weitreichende Profile erstellen: Was schaut sich der Nutzer im Internet an? Was sind seine Interessen? Wonach sucht er?<\/div><div>\u00a0<\/div><div><b>Warum wird das Surfverhalten von Nutzern analysiert?<\/b><\/div><div>Anhand der mit Tracking Cookies gesammelten Informationen k\u00f6nnen Webseitenanbieter und Werbefirmen umfassende Nutzerprofile erstellen. Ziel ist es, die im Browser eingeblendete Werbung auf die Vorlieben des Nutzers abzustimmen. Was vielen Internetnutzern nicht klar ist: Die Werbung, die sie sehen, ist nicht f\u00fcr alle Webseitenbesucher die gleiche. W\u00e4hrend der eine Urlaubsangebote pr\u00e4sentiert bekommt, erscheint bei dem anderen eine Anzeige f\u00fcr Babynahrung \u2013 je nachdem, auf welchem Webseiten sich der Nutzer zuvor getummelt hat.<\/div><div>\u00a0<\/div><div><b>Wie lange bleiben Cookies?<\/b><\/div><div>Webseitenanbieter und Werbefirmen versehen die Cookies mit einem Verfallsdatum. Die beschr\u00e4nkte Lebensdauer ist eine wichtige Eigenschaft des Cookies, denn sie bestimmt, wie lange das Cookie von sich aus im Browser gespeichert und der Nutzer beziehungsweise der Browser erkennbar bleibt. Sogenannte Session Cookies werden automatisch gel\u00f6scht, nachdem der Nutzer die Internetsitzung \u2013 also zum Beispiel den Einkauf oder das Bankgesch\u00e4ft \u2013 beendet und den Browser schlie\u00dft. Andere Cookies sind so programmiert, dass sie jahrelang im Browser bleiben \u2013 es sei denn, man l\u00f6scht sie.<\/div><div>\u00a0<\/div><div><b>Wie wird man Cookies wieder los?<\/b><\/div><div>Alle g\u00e4ngigen Browser bieten die M\u00f6glichkeit, vorhandene Cookies zu l\u00f6schen. Das L\u00f6schen der Cookies \u00fcber die neueste Version des Mozilla Firefox funktioniert zum Beispiel \u00fcber den Men\u00fceintrag \u201eEinstellungen\u201c und den Reiter \u201eDatenschutz\u201c. Beim aktuellen Internet Explorer w\u00e4hlt man im Men\u00fc \u201eExtras\u201c die Rubrik \u201eBrowserverlauf l\u00f6schen\u201c. \u00dcber den Browser kann der Nutzer auch verhindern, dass Cookies \u00fcberhaupt gespeichert werden. Das ist allerdings nicht zu empfehlen.<\/div><div>\u00a0<\/div><div><b>Welcher Umgang mit Cookies empfiehlt sich?<\/b><\/div><div>Es ist nicht ratsam, von vornherein die Speicherung aller Cookies zu verhindern. Denn wichtige Funktionalit\u00e4ten von Webseiten h\u00e4ngen davon ab, dass Cookies gesetzt werden k\u00f6nnen. Das liegt daran, dass der Browser ohne Cookies ziemlich vergesslich ist. Er kann sich zum Beispiel nicht merken, ob man eingeloggt ist \u2013 beim sozialen Netzwerk, im Onlineshop oder beim E-Mail-Dienst.<\/div><div>\u00a0<\/div><div><b>Tipp:<\/b>\u00a0L\u00f6schen Sie die im Browser befindlichen Cookies von Zeit zu Zeit, wenn Sie nicht m\u00f6chten, dass Ihr Surfverhalten analysiert wird. Wenn Sie grunds\u00e4tzlich keine pers\u00f6nliche Werbung w\u00fcnschen, k\u00f6nnen Sie im Browser einstellen, dass nur die Cookies von Drittanbietern \u2013 also zum Beispiel Werbefirmen \u2013 blockiert werden. Dann schr\u00e4nken Sie den Surfkomfort nicht allzu sehr ein, k\u00f6nnen aber verhindern, dass Firmen Ihr Surfverhalten \u00fcber mehrere Webseiten hinweg beobachten. Beim aktuellen Mozilla Firefox klicken Sie dazu im Men\u00fc \u201eEinstellungen\u201c und dann den Reiter \u201eDatenschutz\u201c. Dort w\u00e4hlen Sie den Eintrag \u201eFirefox wird eine Chronik nach benutzerdefinierten Einstellungen anlegen\u201c. Entfernen Sie das H\u00e4kchen bei Cookies von Drittanbietern. Beim aktuellen Internet Explorer finden Sie die M\u00f6glichkeit, Cookies von Dritten zu blockieren, \u00fcber \u201eExtras\u201c, \u201eInternetoptionen\u201c, \u201eDatenschutz\u201c und \u201eErweitert\u201c. Klicken Sie auf \u201eAutomatische Cookiebehandlung aufheben\u201c und blocken Sie Cookies von Drittanbietern.<\/div><div>\u00a0<\/div><div>Ihre Einverst\u00e4ndnis bezieht sich auf die Domain:\u00a0<a href=\"https:\/\/b5-builds.com\/en\/\">https:\/\/www.b5-builds.com<\/a><\/div><div>Quelle:\u00a0<a href=\"https:\/\/www.test.de\/Internet-Cookies-die-wichtigsten-Fragen-4343964-0\/\" target=\"_blank\" rel=\"noopener\">www.test.de<\/a><\/div><\/div><\/div><\/div><\/div><\/div><\/div><div class=\"elementor-element elementor-element-aaef5a0 elementor-widget elementor-widget-text-editor\" data-id=\"aaef5a0\" data-element_type=\"widget\" data-widget_type=\"text-editor.default\"><div class=\"elementor-widget-container\"><div class=\"elementor-text-editor elementor-clearfix\"><div class=\"cli_pg_page_contaner\">\u00a0<\/div><\/div><\/div><\/div>\t\t\t\t\t\t\t\t<\/div>\n\t\t\t\t<\/div>\n\t\t\t\t\t<\/div>\n\t\t<\/div>\n\t\t\t\t\t<\/div>\n\t\t<\/section>\n\t\t\t\t<section class=\"elementor-section elementor-top-section elementor-element elementor-element-bf0997a elementor-section-stretched elementor-section-boxed elementor-section-height-default elementor-section-height-default\" data-id=\"bf0997a\" data-element_type=\"section\" data-e-type=\"section\" data-settings=\"{&quot;stretch_section&quot;:&quot;section-stretched&quot;,&quot;background_background&quot;:&quot;classic&quot;}\">\n\t\t\t\t\t\t<div class=\"elementor-container elementor-column-gap-default\">\n\t\t\t\t\t<div class=\"elementor-column elementor-col-100 elementor-top-column elementor-element elementor-element-19de86f\" data-id=\"19de86f\" data-element_type=\"column\" data-e-type=\"column\">\n\t\t\t<div class=\"elementor-widget-wrap elementor-element-populated\">\n\t\t\t\t\t\t<div class=\"elementor-element elementor-element-2ba8931 elementor-widget elementor-widget-text-editor\" data-id=\"2ba8931\" data-element_type=\"widget\" data-e-type=\"widget\" data-widget_type=\"text-editor.default\">\n\t\t\t\t<div class=\"elementor-widget-container\">\n\t\t\t\t\t\t\t\t\t<table width=\"1250\"><tbody><tr><td width=\"76\"><p><strong>Name<\/strong><\/p><\/td><td width=\"101\"><p><strong>Anbieter<\/strong><\/p><\/td><td width=\"256\"><p><strong>Zweck<\/strong><\/p><\/td><td width=\"83\"><p><strong>Ablauf<\/strong><\/p><\/td><td width=\"104\"><p><strong>Typ<\/strong><\/p><\/td><\/tr><tr><td width=\"76\"><p>_ga<\/p><\/td><td width=\"101\"><p><a href=\"https:\/\/policies.google.com\/privacy\" target=\"_blank\" rel=\"noopener\">Google<\/a><\/p><\/td><td width=\"256\"><p>Registriert eine eindeutige ID, die verwendet wird, um statistische Daten dazu, wie der Besucher die Website nutzt, zu generieren.<\/p><\/td><td width=\"83\"><p>2 Jahre<\/p><\/td><td width=\"104\"><p>http Cookie<\/p><\/td><\/tr><tr><td width=\"76\"><p>_gat<\/p><\/td><td width=\"101\"><p><a href=\"https:\/\/policies.google.com\/privacy\" target=\"_blank\" rel=\"noopener\">Google<\/a><\/p><\/td><td width=\"256\"><p>Wird von Google Analytics verwendet, um die Anforderungsrate einzuschr\u00e4nken.<\/p><\/td><td width=\"83\"><p>1 Tag<\/p><\/td><td width=\"104\"><p>http Cookie<\/p><\/td><\/tr><tr><td width=\"76\"><p>_gid<\/p><\/td><td width=\"101\"><p><a href=\"https:\/\/policies.google.com\/privacy\" target=\"_blank\" rel=\"noopener\">Google<\/a><\/p><\/td><td width=\"256\"><p>Registriert eine eindeutige ID, die verwendet wird, um statistische Daten dazu, wie der Besucher die Website nutzt, zu generieren.<\/p><\/td><td width=\"83\"><p>1 Tag<\/p><\/td><td width=\"104\"><p>http Cookie<\/p><\/td><\/tr><tr><td width=\"76\"><p>_gd\u2026.<\/p><\/td><td width=\"101\"><p><a href=\"https:\/\/policies.google.com\/privacy\" target=\"_blank\" rel=\"noopener\">Google<\/a><\/p><\/td><td width=\"256\"><p>Unklassifizierter Google Analytics Cookie<\/p><\/td><td width=\"83\"><p>1 Tag<\/p><\/td><td width=\"104\"><p>http Cookie<\/p><\/td><\/tr><\/tbody><\/table>\t\t\t\t\t\t\t\t<\/div>\n\t\t\t\t<\/div>\n\t\t\t\t\t<\/div>\n\t\t<\/div>\n\t\t\t\t\t<\/div>\n\t\t<\/section>\n\t\t\t\t<\/div>","protected":false},"excerpt":{"rendered":"<p>Die Nutzung unserer Webseite ist in der Regel ohne Angabe personenbezogener Daten m\u00f6glich. Soweit auf unseren Seiten personenbezogene Daten (beispielsweise Name, Anschrift oder eMail-Adressen) erhoben werden, erfolgt dies auf freiwilliger Basis. Diese Daten werden ohne Ihre ausdr\u00fcckliche Zustimmung nicht an Dritte weitergegeben.Wir weisen darauf hin, dass die Daten\u00fcbertragung im Internet (z.B. bei der Kommunikation per [&hellip;]<\/p>\n","protected":false},"author":1,"featured_media":0,"parent":0,"menu_order":0,"comment_status":"closed","ping_status":"closed","template":"","meta":{"footnotes":""},"class_list":["post-12","page","type-page","status-publish","hentry"],"yoast_head":"<!-- This site is optimized with the Yoast SEO plugin v27.5 - https:\/\/yoast.com\/product\/yoast-seo-wordpress\/ -->\n<title>Datenschutz - B5_Builds<\/title>\n<meta name=\"robots\" content=\"index, follow, max-snippet:-1, max-image-preview:large, max-video-preview:-1\" \/>\n<link rel=\"canonical\" href=\"https:\/\/b5-builds.com\/en\/datenschutz\/\" \/>\n<meta property=\"og:locale\" content=\"en_US\" \/>\n<meta property=\"og:type\" content=\"article\" \/>\n<meta property=\"og:title\" content=\"Datenschutz - B5_Builds\" \/>\n<meta property=\"og:description\" content=\"Die Nutzung unserer Webseite ist in der Regel ohne Angabe personenbezogener Daten m\u00f6glich. Soweit auf unseren Seiten personenbezogene Daten (beispielsweise Name, Anschrift oder eMail-Adressen) erhoben werden, erfolgt dies auf freiwilliger Basis. Diese Daten werden ohne Ihre ausdr\u00fcckliche Zustimmung nicht an Dritte weitergegeben.Wir weisen darauf hin, dass die Daten\u00fcbertragung im Internet (z.B. bei der Kommunikation per [&hellip;]\" \/>\n<meta property=\"og:url\" content=\"https:\/\/b5-builds.com\/en\/datenschutz\/\" \/>\n<meta property=\"og:site_name\" content=\"B5_Builds\" \/>\n<meta property=\"article:modified_time\" content=\"2021-07-11T17:09:33+00:00\" \/>\n<meta property=\"og:image\" content=\"https:\/\/i0.wp.com\/b5-builds.com\/wp-content\/uploads\/2023\/03\/schwarz-glanzend-4.jpg?fit=1920%2C1080&ssl=1\" \/>\n\t<meta property=\"og:image:width\" content=\"1920\" \/>\n\t<meta property=\"og:image:height\" content=\"1080\" \/>\n\t<meta property=\"og:image:type\" content=\"image\/jpeg\" \/>\n<meta name=\"twitter:card\" content=\"summary_large_image\" \/>\n<meta name=\"twitter:label1\" content=\"Est. reading time\" \/>\n\t<meta name=\"twitter:data1\" content=\"6 minutes\" \/>\n<script type=\"application\/ld+json\" class=\"yoast-schema-graph\">{\"@context\":\"https:\\\/\\\/schema.org\",\"@graph\":[{\"@type\":\"WebPage\",\"@id\":\"https:\\\/\\\/b5-builds.com\\\/datenschutz\",\"url\":\"https:\\\/\\\/b5-builds.com\\\/datenschutz\",\"name\":\"Datenschutz - B5_Builds\",\"isPartOf\":{\"@id\":\"https:\\\/\\\/b5-builds.com\\\/#website\"},\"datePublished\":\"2021-06-30T18:44:10+00:00\",\"dateModified\":\"2021-07-11T17:09:33+00:00\",\"breadcrumb\":{\"@id\":\"https:\\\/\\\/b5-builds.com\\\/datenschutz#breadcrumb\"},\"inLanguage\":\"en-US\",\"potentialAction\":[{\"@type\":\"ReadAction\",\"target\":[\"https:\\\/\\\/b5-builds.com\\\/datenschutz\"]}]},{\"@type\":\"BreadcrumbList\",\"@id\":\"https:\\\/\\\/b5-builds.com\\\/datenschutz#breadcrumb\",\"itemListElement\":[{\"@type\":\"ListItem\",\"position\":1,\"name\":\"Startseite\",\"item\":\"https:\\\/\\\/b5-builds.com\\\/\"},{\"@type\":\"ListItem\",\"position\":2,\"name\":\"Datenschutz\"}]},{\"@type\":\"WebSite\",\"@id\":\"https:\\\/\\\/b5-builds.com\\\/#website\",\"url\":\"https:\\\/\\\/b5-builds.com\\\/\",\"name\":\"B5_Builds\",\"description\":\"Handmade Sticker und hochwertige Lufterfrischer f\u00fcr dein Auto.\",\"publisher\":{\"@id\":\"https:\\\/\\\/b5-builds.com\\\/#organization\"},\"potentialAction\":[{\"@type\":\"SearchAction\",\"target\":{\"@type\":\"EntryPoint\",\"urlTemplate\":\"https:\\\/\\\/b5-builds.com\\\/?s={search_term_string}\"},\"query-input\":{\"@type\":\"PropertyValueSpecification\",\"valueRequired\":true,\"valueName\":\"search_term_string\"}}],\"inLanguage\":\"en-US\"},{\"@type\":\"Organization\",\"@id\":\"https:\\\/\\\/b5-builds.com\\\/#organization\",\"name\":\"B5_Builds\",\"url\":\"https:\\\/\\\/b5-builds.com\\\/\",\"logo\":{\"@type\":\"ImageObject\",\"inLanguage\":\"en-US\",\"@id\":\"https:\\\/\\\/b5-builds.com\\\/#\\\/schema\\\/logo\\\/image\\\/\",\"url\":\"https:\\\/\\\/i0.wp.com\\\/b5-builds.com\\\/wp-content\\\/uploads\\\/2021\\\/06\\\/Unbenannt-1.png?fit=350%2C100&ssl=1\",\"contentUrl\":\"https:\\\/\\\/i0.wp.com\\\/b5-builds.com\\\/wp-content\\\/uploads\\\/2021\\\/06\\\/Unbenannt-1.png?fit=350%2C100&ssl=1\",\"width\":350,\"height\":100,\"caption\":\"B5_Builds\"},\"image\":{\"@id\":\"https:\\\/\\\/b5-builds.com\\\/#\\\/schema\\\/logo\\\/image\\\/\"},\"sameAs\":[\"https:\\\/\\\/www.instagram.com\\\/b5_builds?igshid=OGQ5ZDc2ODk2ZA\",\"https:\\\/\\\/youtube.com\\\/@b5_builds376?si=su2EkM16Ojcn-Uq5\"]}]}<\/script>\n<!-- \/ Yoast SEO plugin. -->","yoast_head_json":{"title":"Datenschutz - B5_Builds","robots":{"index":"index","follow":"follow","max-snippet":"max-snippet:-1","max-image-preview":"max-image-preview:large","max-video-preview":"max-video-preview:-1"},"canonical":"https:\/\/b5-builds.com\/en\/datenschutz\/","og_locale":"en_US","og_type":"article","og_title":"Datenschutz - B5_Builds","og_description":"Die Nutzung unserer Webseite ist in der Regel ohne Angabe personenbezogener Daten m\u00f6glich. Soweit auf unseren Seiten personenbezogene Daten (beispielsweise Name, Anschrift oder eMail-Adressen) erhoben werden, erfolgt dies auf freiwilliger Basis. Diese Daten werden ohne Ihre ausdr\u00fcckliche Zustimmung nicht an Dritte weitergegeben.Wir weisen darauf hin, dass die Daten\u00fcbertragung im Internet (z.B. bei der Kommunikation per [&hellip;]","og_url":"https:\/\/b5-builds.com\/en\/datenschutz\/","og_site_name":"B5_Builds","article_modified_time":"2021-07-11T17:09:33+00:00","og_image":[{"width":1920,"height":1080,"url":"https:\/\/i0.wp.com\/b5-builds.com\/wp-content\/uploads\/2023\/03\/schwarz-glanzend-4.jpg?fit=1920%2C1080&ssl=1","type":"image\/jpeg"}],"twitter_card":"summary_large_image","twitter_misc":{"Est. reading time":"6 minutes"},"schema":{"@context":"https:\/\/schema.org","@graph":[{"@type":"WebPage","@id":"https:\/\/b5-builds.com\/datenschutz","url":"https:\/\/b5-builds.com\/datenschutz","name":"Datenschutz - B5_Builds","isPartOf":{"@id":"https:\/\/b5-builds.com\/#website"},"datePublished":"2021-06-30T18:44:10+00:00","dateModified":"2021-07-11T17:09:33+00:00","breadcrumb":{"@id":"https:\/\/b5-builds.com\/datenschutz#breadcrumb"},"inLanguage":"en-US","potentialAction":[{"@type":"ReadAction","target":["https:\/\/b5-builds.com\/datenschutz"]}]},{"@type":"BreadcrumbList","@id":"https:\/\/b5-builds.com\/datenschutz#breadcrumb","itemListElement":[{"@type":"ListItem","position":1,"name":"Startseite","item":"https:\/\/b5-builds.com\/"},{"@type":"ListItem","position":2,"name":"Datenschutz"}]},{"@type":"WebSite","@id":"https:\/\/b5-builds.com\/#website","url":"https:\/\/b5-builds.com\/","name":"B5_Builds","description":"Handmade Sticker and Air Freshener for your car.","publisher":{"@id":"https:\/\/b5-builds.com\/#organization"},"potentialAction":[{"@type":"SearchAction","target":{"@type":"EntryPoint","urlTemplate":"https:\/\/b5-builds.com\/?s={search_term_string}"},"query-input":{"@type":"PropertyValueSpecification","valueRequired":true,"valueName":"search_term_string"}}],"inLanguage":"en-US"},{"@type":"Organization","@id":"https:\/\/b5-builds.com\/#organization","name":"B5_Builds","url":"https:\/\/b5-builds.com\/","logo":{"@type":"ImageObject","inLanguage":"en-US","@id":"https:\/\/b5-builds.com\/#\/schema\/logo\/image\/","url":"https:\/\/i0.wp.com\/b5-builds.com\/wp-content\/uploads\/2021\/06\/Unbenannt-1.png?fit=350%2C100&ssl=1","contentUrl":"https:\/\/i0.wp.com\/b5-builds.com\/wp-content\/uploads\/2021\/06\/Unbenannt-1.png?fit=350%2C100&ssl=1","width":350,"height":100,"caption":"B5_Builds"},"image":{"@id":"https:\/\/b5-builds.com\/#\/schema\/logo\/image\/"},"sameAs":["https:\/\/www.instagram.com\/b5_builds?igshid=OGQ5ZDc2ODk2ZA","https:\/\/youtube.com\/@b5_builds376?si=su2EkM16Ojcn-Uq5"]}]}},"_links":{"self":[{"href":"https:\/\/b5-builds.com\/en\/wp-json\/wp\/v2\/pages\/12","targetHints":{"allow":["GET"]}}],"collection":[{"href":"https:\/\/b5-builds.com\/en\/wp-json\/wp\/v2\/pages"}],"about":[{"href":"https:\/\/b5-builds.com\/en\/wp-json\/wp\/v2\/types\/page"}],"author":[{"embeddable":true,"href":"https:\/\/b5-builds.com\/en\/wp-json\/wp\/v2\/users\/1"}],"replies":[{"embeddable":true,"href":"https:\/\/b5-builds.com\/en\/wp-json\/wp\/v2\/comments?post=12"}],"version-history":[{"count":7,"href":"https:\/\/b5-builds.com\/en\/wp-json\/wp\/v2\/pages\/12\/revisions"}],"predecessor-version":[{"id":328,"href":"https:\/\/b5-builds.com\/en\/wp-json\/wp\/v2\/pages\/12\/revisions\/328"}],"wp:attachment":[{"href":"https:\/\/b5-builds.com\/en\/wp-json\/wp\/v2\/media?parent=12"}],"curies":[{"name":"wp","href":"https:\/\/api.w.org\/{rel}","templated":true}]}}